{"id":87,"date":"2024-02-27T15:15:53","date_gmt":"2024-02-27T15:15:53","guid":{"rendered":"https:\/\/carbonesandinos.com\/wp\/?page_id=87"},"modified":"2025-02-12T12:55:03","modified_gmt":"2025-02-12T12:55:03","slug":"politica-de-seguridad-y-salud-en-el-trabajo","status":"publish","type":"page","link":"http:\/\/www.carbonesandinos.com\/?page_id=87","title":{"rendered":"Pol\u00edtica de Seguridad y Salud en el Trabajo"},"content":{"rendered":"\n<div class=\"wp-block-cover alignfull is-light\" style=\"min-height:320px;aspect-ratio:unset;\"><span aria-hidden=\"true\" class=\"wp-block-cover__background has-nv-site-bg-background-color has-background-dim-100 has-background-dim\"><\/span><div class=\"wp-block-cover__inner-container is-layout-flow wp-block-cover-is-layout-flow\">\n<div class=\"wp-block-group\"><div class=\"wp-block-group__inner-container is-layout-flow wp-block-group-is-layout-flow\">\n<div class=\"wp-block-columns are-vertically-aligned-center is-layout-flex wp-container-core-columns-is-layout-9d6595d7 wp-block-columns-is-layout-flex\">\n<div class=\"wp-block-column is-vertically-aligned-center is-layout-flow wp-block-column-is-layout-flow\" style=\"flex-basis:70%\">\n<h1 class=\"wp-block-heading has-text-align-left has-neve-text-color-color has-text-color\">Sistema de Gesti\u00f3n de Seguridad y Salud en el Trabajo(SGSST)<\/h1>\n\n\n\n<div style=\"height:100px\" aria-hidden=\"true\" class=\"wp-block-spacer\"><\/div>\n\n\n\n<h3 class=\"wp-block-heading\" id=\"\u00bfqu\u00e9-es\">Pol\u00edtica de Seguridad y Salud en el Trabajo<a href=\"https:\/\/carandinos.sharepoint.com\/:u:\/r\/SitePages\/Todo-lo-que-debes-saber-del-Sistema-de-Gesti%C3%B3n-de-Calidad.aspx?csf=1&amp;web=1&amp;share=ESoDEhwuwvRAi0sk-C1-Ku0Bf6hSkPZxzPvfzhtVlFe-dg&amp;e=B1FsO3#%C2%BFqu%C3%A9-es\"><\/a><\/h3>\n\n\n\n<p style=\"font-size:18px\">CARBONES ANDINOS S.A.S existe con el prop\u00f3sito de&nbsp;<strong>generar la chispa para la construcci\u00f3n de la vida moderna mediante los procesos de miner\u00eda, beneficio, coquizaci\u00f3n y comercializaci\u00f3n&nbsp;<\/strong>de coques metal\u00fargicos que la hace una de las organizaciones m\u00e1s importantes del sector minero en Colombia. La compa\u00f1\u00eda est\u00e1 comprometida con la<strong>&nbsp;mejora continua del Sistema de Gesti\u00f3n de Seguridad y Salud en el Trabajo<\/strong>&nbsp;(SGSST) y el<strong>&nbsp;plan estrat\u00e9gico de seguridad vial<\/strong>&nbsp;(PESV), mediante el cumplimiento de la normatividad vigente aplicable y la protecci\u00f3n de la<strong>&nbsp;integridad f\u00edsica de los trabajadores, contratistas y visitantes<\/strong>, al mitigar los riesgos asociados a la operaci\u00f3n.&nbsp;<\/p>\n<\/div>\n\n\n\n<div class=\"wp-block-column is-vertically-aligned-center is-layout-flow wp-block-column-is-layout-flow\" style=\"flex-basis:30%\">\n<div style=\"height:412px\" aria-hidden=\"true\" class=\"wp-block-spacer\"><\/div>\n\n\n<div class=\"wp-block-image\">\n<figure class=\"aligncenter size-large\"><img loading=\"lazy\" decoding=\"async\" width=\"791\" height=\"1024\" src=\"https:\/\/carbonesandinos.com\/wp\/wp-content\/uploads\/2024\/02\/7b07cf4c-7bff-417a-b8d8-d745875914de-2-791x1024.png\" alt=\"\" class=\"wp-image-218\" srcset=\"http:\/\/www.carbonesandinos.com\/wp-content\/uploads\/2024\/02\/7b07cf4c-7bff-417a-b8d8-d745875914de-2-791x1024.png 791w, http:\/\/www.carbonesandinos.com\/wp-content\/uploads\/2024\/02\/7b07cf4c-7bff-417a-b8d8-d745875914de-2-232x300.png 232w, http:\/\/www.carbonesandinos.com\/wp-content\/uploads\/2024\/02\/7b07cf4c-7bff-417a-b8d8-d745875914de-2-768x994.png 768w, http:\/\/www.carbonesandinos.com\/wp-content\/uploads\/2024\/02\/7b07cf4c-7bff-417a-b8d8-d745875914de-2-1187x1536.png 1187w, http:\/\/www.carbonesandinos.com\/wp-content\/uploads\/2024\/02\/7b07cf4c-7bff-417a-b8d8-d745875914de-2.png 1978w\" sizes=\"auto, (max-width: 791px) 100vw, 791px\" \/><\/figure>\n<\/div><\/div>\n<\/div>\n\n\n\n<h2 class=\"wp-block-heading\">Video proveedores y visitantes<\/h2>\n<\/div><\/div>\n<\/div><\/div>\n\n\n\n<figure class=\"wp-block-video aligncenter\"><video height=\"720\" style=\"aspect-ratio: 1280 \/ 720;\" width=\"1280\" autoplay controls src=\"http:\/\/www.carbonesandinos.com\/wp-content\/uploads\/2025\/01\/Bienvenidos-con-actuliazcioncomprimido.mp4\"><\/video><\/figure>\n\n\n<div class=\"wp-block-image\">\n<figure class=\"aligncenter size-full is-resized\"><img loading=\"lazy\" decoding=\"async\" width=\"791\" height=\"1024\" src=\"https:\/\/carbonesandinos.com\/wp\/wp-content\/uploads\/2025\/02\/SST-ODC-007-POLITICA-SST-para-comunicaciones-01-791x1024-1.png\" alt=\"Pol\u00edtica SST Carbones Andinos\" class=\"wp-image-454\" style=\"width:814px;height:auto\" srcset=\"http:\/\/www.carbonesandinos.com\/wp-content\/uploads\/2025\/02\/SST-ODC-007-POLITICA-SST-para-comunicaciones-01-791x1024-1.png 791w, http:\/\/www.carbonesandinos.com\/wp-content\/uploads\/2025\/02\/SST-ODC-007-POLITICA-SST-para-comunicaciones-01-791x1024-1-232x300.png 232w, http:\/\/www.carbonesandinos.com\/wp-content\/uploads\/2025\/02\/SST-ODC-007-POLITICA-SST-para-comunicaciones-01-791x1024-1-768x994.png 768w\" sizes=\"auto, (max-width: 791px) 100vw, 791px\" \/><\/figure>\n<\/div>","protected":false},"excerpt":{"rendered":"","protected":false},"author":1,"featured_media":0,"parent":0,"menu_order":0,"comment_status":"closed","ping_status":"closed","template":"","meta":{"neve_meta_sidebar":"","neve_meta_container":"","neve_meta_enable_content_width":"on","neve_meta_content_width":100,"neve_meta_title_alignment":"","neve_meta_author_avatar":"","neve_post_elements_order":"","neve_meta_disable_header":"","neve_meta_disable_footer":"","neve_meta_disable_title":"on","footnotes":""},"class_list":["post-87","page","type-page","status-publish","hentry"],"_links":{"self":[{"href":"http:\/\/www.carbonesandinos.com\/index.php?rest_route=\/wp\/v2\/pages\/87","targetHints":{"allow":["GET"]}}],"collection":[{"href":"http:\/\/www.carbonesandinos.com\/index.php?rest_route=\/wp\/v2\/pages"}],"about":[{"href":"http:\/\/www.carbonesandinos.com\/index.php?rest_route=\/wp\/v2\/types\/page"}],"author":[{"embeddable":true,"href":"http:\/\/www.carbonesandinos.com\/index.php?rest_route=\/wp\/v2\/users\/1"}],"replies":[{"embeddable":true,"href":"http:\/\/www.carbonesandinos.com\/index.php?rest_route=%2Fwp%2Fv2%2Fcomments&post=87"}],"version-history":[{"count":23,"href":"http:\/\/www.carbonesandinos.com\/index.php?rest_route=\/wp\/v2\/pages\/87\/revisions"}],"predecessor-version":[{"id":509,"href":"http:\/\/www.carbonesandinos.com\/index.php?rest_route=\/wp\/v2\/pages\/87\/revisions\/509"}],"wp:attachment":[{"href":"http:\/\/www.carbonesandinos.com\/index.php?rest_route=%2Fwp%2Fv2%2Fmedia&parent=87"}],"curies":[{"name":"wp","href":"https:\/\/api.w.org\/{rel}","templated":true}]}}