{"id":86,"date":"2024-02-27T15:15:53","date_gmt":"2024-02-27T15:15:53","guid":{"rendered":"https:\/\/carbonesandinos.com\/wp\/?page_id=86"},"modified":"2025-02-03T15:37:02","modified_gmt":"2025-02-03T15:37:02","slug":"nuestro-producto","status":"publish","type":"page","link":"http:\/\/www.carbonesandinos.com\/?page_id=86","title":{"rendered":"Nuestra Operaci\u00f3n"},"content":{"rendered":"\n<div class=\"wp-block-cover alignfull is-light\" style=\"min-height:300px;aspect-ratio:unset;\"><span aria-hidden=\"true\" class=\"wp-block-cover__background has-nv-site-bg-background-color has-background-dim-100 has-background-dim\"><\/span><div class=\"wp-block-cover__inner-container is-layout-flow wp-block-cover-is-layout-flow\">\n<div class=\"wp-block-group\"><div class=\"wp-block-group__inner-container is-layout-flow wp-block-group-is-layout-flow\">\n<h1 class=\"wp-block-heading has-text-align-left has-neve-text-color-color has-text-color\">Nuestra Operaci\u00f3n<\/h1>\n<\/div><\/div>\n<\/div><\/div>\n\n\n\n<div class=\"wp-block-cover alignfull\" style=\"min-height:600px;aspect-ratio:unset;\"><span aria-hidden=\"true\" class=\"wp-block-cover__background has-nv-light-bg-background-color has-background-dim-0 has-background-dim\"><\/span><img loading=\"lazy\" decoding=\"async\" width=\"1600\" height=\"1066\" class=\"wp-block-cover__image-background wp-image-189\" alt=\"\" src=\"https:\/\/carbonesandinos.com\/wp\/wp-content\/uploads\/2024\/02\/WhatsApp-Image-2024-02-26-at-5.13.55-PM.jpeg\" data-object-fit=\"cover\" srcset=\"http:\/\/www.carbonesandinos.com\/wp-content\/uploads\/2024\/02\/WhatsApp-Image-2024-02-26-at-5.13.55-PM.jpeg 1600w, http:\/\/www.carbonesandinos.com\/wp-content\/uploads\/2024\/02\/WhatsApp-Image-2024-02-26-at-5.13.55-PM-300x200.jpeg 300w, http:\/\/www.carbonesandinos.com\/wp-content\/uploads\/2024\/02\/WhatsApp-Image-2024-02-26-at-5.13.55-PM-1024x682.jpeg 1024w, http:\/\/www.carbonesandinos.com\/wp-content\/uploads\/2024\/02\/WhatsApp-Image-2024-02-26-at-5.13.55-PM-768x512.jpeg 768w, http:\/\/www.carbonesandinos.com\/wp-content\/uploads\/2024\/02\/WhatsApp-Image-2024-02-26-at-5.13.55-PM-1536x1023.jpeg 1536w, http:\/\/www.carbonesandinos.com\/wp-content\/uploads\/2024\/02\/WhatsApp-Image-2024-02-26-at-5.13.55-PM-930x620.jpeg 930w\" sizes=\"auto, (max-width: 1600px) 100vw, 1600px\" \/><div class=\"wp-block-cover__inner-container is-layout-flow wp-block-cover-is-layout-flow\">\n<p><\/p>\n<\/div><\/div>\n\n\n\n<div class=\"wp-block-cover alignfull is-light\" style=\"min-height:353px;aspect-ratio:unset;\"><span aria-hidden=\"true\" class=\"wp-block-cover__background has-nv-site-bg-background-color has-background-dim-100 has-background-dim\"><\/span><div class=\"wp-block-cover__inner-container is-layout-flow wp-block-cover-is-layout-flow\">\n<div class=\"wp-block-group\"><div class=\"wp-block-group__inner-container is-layout-flow wp-block-group-is-layout-flow\">\n<div class=\"wp-block-columns are-vertically-aligned-center is-layout-flex wp-container-core-columns-is-layout-9d6595d7 wp-block-columns-is-layout-flex\">\n<div class=\"wp-block-column is-layout-flow wp-block-column-is-layout-flow\">\n<h2 class=\"wp-block-heading\">Nuestro Producto: Coque Metal\u00fargico<\/h2>\n\n\n\n<p>Somos especialistas en la producci\u00f3n de coque metal\u00fargico, un material carbonoso y macroporoso de alta resistencia mec\u00e1nica, obtenido mediante las mezclas complejas que combinan distintos tipos de carb\u00f3n en proporciones espec\u00edficas. El carb\u00f3n utilizado proviene de nuestras propias minas, donde es sometido a rigurosos procesos de beneficio de minerales, y transformado en coque mediante plantas de coquizaci\u00f3n de alta tecnolog\u00eda, garantizando calidad y eficiencia en cada etapa del proceso.<\/p>\n<\/div>\n<\/div>\n\n\n\n<h3 class=\"wp-block-heading\">Nuestros Procesos Misionales con Certificaci\u00f3n ISO9001:2015<\/h3>\n\n\n\n<div style=\"height:0px\" aria-hidden=\"true\" class=\"wp-block-spacer\"><\/div>\n<\/div><\/div>\n<\/div><\/div>\n\n\n\n<div class=\"wp-block-media-text has-media-on-the-right is-stacked-on-mobile is-image-fill-element\"><div class=\"wp-block-media-text__content\">\n<p class=\"has-text-align-left\"><strong>Miner\u00eda<\/strong><br>Nuestro proceso de miner\u00eda se lleva a cabo con los m\u00e1s altos est\u00e1ndares operativos y medioambientales, respaldados por <strong>8 minas actualmente en producci\u00f3n<\/strong> y una proyecci\u00f3n de<strong> nuevas operaciones<\/strong> en el norte de Boyac\u00e1. Empleamos pr\u00e1cticas modernas, como la mecanizaci\u00f3n y la extracci\u00f3n mediante <strong>tajos hidr\u00e1ulicos con derrumbe dirigido<\/strong>, lo que garantiza eficiencia y seguridad. Este enfoque nos permite optimizar la extracci\u00f3n de recursos, al mismo tiempo que protegemos el entorno natural y promovemos la sostenibilidad en cada etapa de nuestras operaciones.<\/p>\n<\/div><figure class=\"wp-block-media-text__media\"><img loading=\"lazy\" decoding=\"async\" width=\"1024\" height=\"683\" src=\"https:\/\/carbonesandinos.com\/wp\/wp-content\/uploads\/2025\/01\/mineria-1024x683.jpg\" alt=\"\" class=\"wp-image-400 size-full\" style=\"object-position:50% 50%\" srcset=\"http:\/\/www.carbonesandinos.com\/wp-content\/uploads\/2025\/01\/mineria-1024x683.jpg 1024w, http:\/\/www.carbonesandinos.com\/wp-content\/uploads\/2025\/01\/mineria-300x200.jpg 300w, http:\/\/www.carbonesandinos.com\/wp-content\/uploads\/2025\/01\/mineria-768x512.jpg 768w, http:\/\/www.carbonesandinos.com\/wp-content\/uploads\/2025\/01\/mineria-1536x1024.jpg 1536w, http:\/\/www.carbonesandinos.com\/wp-content\/uploads\/2025\/01\/mineria-930x620.jpg 930w, http:\/\/www.carbonesandinos.com\/wp-content\/uploads\/2025\/01\/mineria.jpg 2048w\" sizes=\"auto, (max-width: 1024px) 100vw, 1024px\" \/><\/figure><\/div>\n\n\n\n<div style=\"height:31px\" aria-hidden=\"true\" class=\"wp-block-spacer\"><\/div>\n\n\n\n<div class=\"wp-block-media-text is-stacked-on-mobile is-image-fill-element\"><figure class=\"wp-block-media-text__media\"><img loading=\"lazy\" decoding=\"async\" width=\"1024\" height=\"687\" src=\"https:\/\/carbonesandinos.com\/wp\/wp-content\/uploads\/2025\/01\/mineria-1-1024x687.jpg\" alt=\"\" class=\"wp-image-401 size-full\" style=\"object-position:50% 50%\" srcset=\"http:\/\/www.carbonesandinos.com\/wp-content\/uploads\/2025\/01\/mineria-1-1024x687.jpg 1024w, http:\/\/www.carbonesandinos.com\/wp-content\/uploads\/2025\/01\/mineria-1-300x201.jpg 300w, http:\/\/www.carbonesandinos.com\/wp-content\/uploads\/2025\/01\/mineria-1-768x515.jpg 768w, http:\/\/www.carbonesandinos.com\/wp-content\/uploads\/2025\/01\/mineria-1-1536x1030.jpg 1536w, http:\/\/www.carbonesandinos.com\/wp-content\/uploads\/2025\/01\/mineria-1.jpg 2048w\" sizes=\"auto, (max-width: 1024px) 100vw, 1024px\" \/><\/figure><div class=\"wp-block-media-text__content\">\n<p><strong>Beneficio<\/strong><br>Contamos con la planta de lavado <strong>Buenavista<\/strong>, una instalaci\u00f3n de vanguardia con una capacidad de <strong>150 toneladas por hora<\/strong>. Su proceso est\u00e1 completamente automatizado, incluyendo un sistema de molienda autom\u00e1tica que garantiza precisi\u00f3n y eficiencia. Esto nos permite ofrecer productos de la m\u00e1s alta calidad, ajustados espec\u00edficamente a los requerimientos de cada cliente, reafirmando nuestro compromiso con la excelencia y la innovaci\u00f3n en cada etapa de producci\u00f3n.<\/p>\n<\/div><\/div>\n\n\n\n<div style=\"height:31px\" aria-hidden=\"true\" class=\"wp-block-spacer\"><\/div>\n\n\n\n<div class=\"wp-block-media-text has-media-on-the-right is-stacked-on-mobile is-image-fill-element\"><div class=\"wp-block-media-text__content\">\n<p><strong>Coquizaci\u00f3n<\/strong><br>En el proceso de coquizaci\u00f3n, contamos con capacidad para la producci\u00f3n de <strong>coque metal\u00fargico de m\u00e1ximo rendimiento<\/strong>, cumpliendo con los est\u00e1ndares m\u00e1s exigentes del mercado. Nuestra <strong>Planta San Francisco 3<\/strong>, reconocida como la m\u00e1s moderna de Colombia, destaca no solo por su tecnolog\u00eda avanzada, sino tambi\u00e9n por su enfoque sostenible. La planta tiene proyecci\u00f3n para la <strong>cogeneraci\u00f3n de energ\u00eda<\/strong> a partir de los gases generados durante el proceso de coquizaci\u00f3n y se autosustenta gracias a un sistema de <strong>paneles solares<\/strong>, reafirmando nuestro compromiso con la innovaci\u00f3n y la sostenibilidad.<\/p>\n<\/div><figure class=\"wp-block-media-text__media\"><img loading=\"lazy\" decoding=\"async\" width=\"1024\" height=\"768\" src=\"https:\/\/carbonesandinos.com\/wp\/wp-content\/uploads\/2025\/01\/Planta-San-Francisco-3-1024x768.jpg\" alt=\"\" class=\"wp-image-403 size-full\" style=\"object-position:50% 50%\" srcset=\"http:\/\/www.carbonesandinos.com\/wp-content\/uploads\/2025\/01\/Planta-San-Francisco-3-1024x768.jpg 1024w, http:\/\/www.carbonesandinos.com\/wp-content\/uploads\/2025\/01\/Planta-San-Francisco-3-300x225.jpg 300w, http:\/\/www.carbonesandinos.com\/wp-content\/uploads\/2025\/01\/Planta-San-Francisco-3-768x576.jpg 768w, http:\/\/www.carbonesandinos.com\/wp-content\/uploads\/2025\/01\/Planta-San-Francisco-3-1536x1152.jpg 1536w, http:\/\/www.carbonesandinos.com\/wp-content\/uploads\/2025\/01\/Planta-San-Francisco-3.jpg 1600w\" sizes=\"auto, (max-width: 1024px) 100vw, 1024px\" \/><\/figure><\/div>\n\n\n\n<div style=\"height:31px\" aria-hidden=\"true\" class=\"wp-block-spacer\"><\/div>\n\n\n\n<div class=\"wp-block-media-text is-stacked-on-mobile is-image-fill-element\"><figure class=\"wp-block-media-text__media\"><img loading=\"lazy\" decoding=\"async\" width=\"1024\" height=\"768\" src=\"https:\/\/carbonesandinos.com\/wp\/wp-content\/uploads\/2025\/01\/mineria-2-1024x768.jpg\" alt=\"\" class=\"wp-image-404 size-full\" style=\"object-position:50% 50%\" srcset=\"http:\/\/www.carbonesandinos.com\/wp-content\/uploads\/2025\/01\/mineria-2-1024x768.jpg 1024w, http:\/\/www.carbonesandinos.com\/wp-content\/uploads\/2025\/01\/mineria-2-300x225.jpg 300w, http:\/\/www.carbonesandinos.com\/wp-content\/uploads\/2025\/01\/mineria-2-768x576.jpg 768w, http:\/\/www.carbonesandinos.com\/wp-content\/uploads\/2025\/01\/mineria-2-1536x1152.jpg 1536w, http:\/\/www.carbonesandinos.com\/wp-content\/uploads\/2025\/01\/mineria-2.jpg 2048w\" sizes=\"auto, (max-width: 1024px) 100vw, 1024px\" \/><\/figure><div class=\"wp-block-media-text__content\">\n<p><strong>Exportaci\u00f3n<\/strong><br>contamos con una s\u00f3lida alianza con <strong>Palermo Sociedad Portuaria<\/strong>, que nos permite realizar nuestras operaciones de exportaci\u00f3n desde la ciudad de <strong>Barranquilla<\/strong>. Gracias a procesos altamente tecnificados, garantizamos la conservaci\u00f3n de la calidad del coque y la entrega eficiente hacia cualquier destino en el mundo. Esta alianza estrat\u00e9gica nos ha permitido alcanzar un r\u00e9cord de exportaci\u00f3n, superando las <strong>39,031 toneladas<\/strong> enviadas en un solo buque desde Barranquilla, reafirmando nuestro liderazgo y capacidad log\u00edstica a nivel internacional<\/p>\n<\/div><\/div>\n\n\n\n<div style=\"height:100px\" aria-hidden=\"true\" class=\"wp-block-spacer\"><\/div>\n\n\n<div class=\"wp-block-image\">\n<figure class=\"aligncenter size-large is-resized\"><img loading=\"lazy\" decoding=\"async\" width=\"1024\" height=\"477\" src=\"https:\/\/carbonesandinos.com\/wp\/wp-content\/uploads\/2024\/02\/ISO-9001-2015-1024x477.png\" alt=\"\" class=\"wp-image-111\" style=\"width:459px;height:auto\" srcset=\"http:\/\/www.carbonesandinos.com\/wp-content\/uploads\/2024\/02\/ISO-9001-2015-1024x477.png 1024w, http:\/\/www.carbonesandinos.com\/wp-content\/uploads\/2024\/02\/ISO-9001-2015-300x140.png 300w, http:\/\/www.carbonesandinos.com\/wp-content\/uploads\/2024\/02\/ISO-9001-2015-768x358.png 768w, http:\/\/www.carbonesandinos.com\/wp-content\/uploads\/2024\/02\/ISO-9001-2015.png 1200w\" sizes=\"auto, (max-width: 1024px) 100vw, 1024px\" \/><\/figure>\n<\/div>","protected":false},"excerpt":{"rendered":"<p>Miner\u00edaNuestro proceso de miner\u00eda se lleva a cabo con los m\u00e1s altos est\u00e1ndares operativos y medioambientales, respaldados por 8 minas actualmente en producci\u00f3n y una proyecci\u00f3n de nuevas operaciones en el norte de Boyac\u00e1. Empleamos pr\u00e1cticas modernas, como la mecanizaci\u00f3n y la extracci\u00f3n mediante tajos hidr\u00e1ulicos con derrumbe dirigido, lo que garantiza eficiencia y seguridad.&hellip;&nbsp;<a href=\"http:\/\/www.carbonesandinos.com\/?page_id=86\" rel=\"bookmark\">Read More &raquo;<span class=\"screen-reader-text\">Nuestra Operaci\u00f3n<\/span><\/a><\/p>\n","protected":false},"author":1,"featured_media":0,"parent":0,"menu_order":0,"comment_status":"closed","ping_status":"closed","template":"","meta":{"neve_meta_sidebar":"","neve_meta_container":"","neve_meta_enable_content_width":"on","neve_meta_content_width":100,"neve_meta_title_alignment":"","neve_meta_author_avatar":"","neve_post_elements_order":"","neve_meta_disable_header":"","neve_meta_disable_footer":"","neve_meta_disable_title":"on","footnotes":""},"class_list":["post-86","page","type-page","status-publish","hentry"],"_links":{"self":[{"href":"http:\/\/www.carbonesandinos.com\/index.php?rest_route=\/wp\/v2\/pages\/86","targetHints":{"allow":["GET"]}}],"collection":[{"href":"http:\/\/www.carbonesandinos.com\/index.php?rest_route=\/wp\/v2\/pages"}],"about":[{"href":"http:\/\/www.carbonesandinos.com\/index.php?rest_route=\/wp\/v2\/types\/page"}],"author":[{"embeddable":true,"href":"http:\/\/www.carbonesandinos.com\/index.php?rest_route=\/wp\/v2\/users\/1"}],"replies":[{"embeddable":true,"href":"http:\/\/www.carbonesandinos.com\/index.php?rest_route=%2Fwp%2Fv2%2Fcomments&post=86"}],"version-history":[{"count":19,"href":"http:\/\/www.carbonesandinos.com\/index.php?rest_route=\/wp\/v2\/pages\/86\/revisions"}],"predecessor-version":[{"id":451,"href":"http:\/\/www.carbonesandinos.com\/index.php?rest_route=\/wp\/v2\/pages\/86\/revisions\/451"}],"wp:attachment":[{"href":"http:\/\/www.carbonesandinos.com\/index.php?rest_route=%2Fwp%2Fv2%2Fmedia&parent=86"}],"curies":[{"name":"wp","href":"https:\/\/api.w.org\/{rel}","templated":true}]}}