{"id":85,"date":"2024-02-27T15:15:53","date_gmt":"2024-02-27T15:15:53","guid":{"rendered":"https:\/\/carbonesandinos.com\/wp\/?page_id=85"},"modified":"2025-02-12T19:04:09","modified_gmt":"2025-02-12T19:04:09","slug":"contactenos","status":"publish","type":"page","link":"http:\/\/www.carbonesandinos.com\/?page_id=85","title":{"rendered":"Cont\u00e1ctanos"},"content":{"rendered":"\n<div class=\"wp-block-cover alignfull is-light\" style=\"min-height:300px;aspect-ratio:unset;\"><span aria-hidden=\"true\" class=\"wp-block-cover__background has-nv-site-bg-background-color has-background-dim-100 has-background-dim\"><\/span><div class=\"wp-block-cover__inner-container is-layout-flow wp-block-cover-is-layout-flow\">\n<div class=\"wp-block-group\"><div class=\"wp-block-group__inner-container is-layout-flow wp-block-group-is-layout-flow\">\n<h1 class=\"wp-block-heading has-text-align-left has-neve-text-color-color has-text-color\">Cont\u00e1ctanos<\/h1>\n<\/div><\/div>\n<\/div><\/div>\n\n\n\n<div class=\"wp-block-cover alignfull is-light\" style=\"min-height:420px;aspect-ratio:unset;\"><span aria-hidden=\"true\" class=\"wp-block-cover__background has-nv-light-bg-background-color has-background-dim-100 has-background-dim\"><\/span><div class=\"wp-block-cover__inner-container is-layout-flow wp-block-cover-is-layout-flow\">\n<div class=\"wp-block-columns is-layout-flex wp-container-core-columns-is-layout-9d6595d7 wp-block-columns-is-layout-flex\">\n<div class=\"wp-block-column is-layout-flow wp-block-column-is-layout-flow\">\n<div style=\"height:24px\" aria-hidden=\"true\" class=\"wp-block-spacer\"><\/div>\n\n\n<div class=\"wp-block-image is-resized icon-style is-style-rounded\">\n<figure class=\"aligncenter size-large\"><img loading=\"lazy\" decoding=\"async\" width=\"1024\" height=\"879\" src=\"https:\/\/www.carbonesandinos.com\/wp-content\/uploads\/2025\/02\/elementos-grafico2-04-1024x879.png\" alt=\"\" class=\"wp-image-529\" style=\"width:200px\" srcset=\"http:\/\/www.carbonesandinos.com\/wp-content\/uploads\/2025\/02\/elementos-grafico2-04-1024x879.png 1024w, http:\/\/www.carbonesandinos.com\/wp-content\/uploads\/2025\/02\/elementos-grafico2-04-300x258.png 300w, http:\/\/www.carbonesandinos.com\/wp-content\/uploads\/2025\/02\/elementos-grafico2-04-768x659.png 768w, http:\/\/www.carbonesandinos.com\/wp-content\/uploads\/2025\/02\/elementos-grafico2-04-1536x1319.png 1536w, http:\/\/www.carbonesandinos.com\/wp-content\/uploads\/2025\/02\/elementos-grafico2-04-2048x1758.png 2048w\" sizes=\"auto, (max-width: 1024px) 100vw, 1024px\" \/><\/figure>\n<\/div>\n\n\n<h3 class=\"wp-block-heading has-text-align-center has-neve-text-color-color has-text-color\">Ll\u00e1manos<\/h3>\n\n\n\n<p class=\"has-text-align-center has-neve-text-color-color has-text-color\" style=\"font-size:15px\">&nbsp;(+57) 1 7432182 | Lunes &#8211; viernes<\/p>\n\n\n\n<div style=\"height:24px\" aria-hidden=\"true\" class=\"wp-block-spacer\"><\/div>\n<\/div>\n\n\n\n<div class=\"wp-block-column is-layout-flow wp-block-column-is-layout-flow\">\n<div style=\"height:24px\" aria-hidden=\"true\" class=\"wp-block-spacer\"><\/div>\n\n\n<div class=\"wp-block-image is-resized icon-style is-style-rounded\">\n<figure class=\"aligncenter size-large\"><img loading=\"lazy\" decoding=\"async\" width=\"1024\" height=\"879\" src=\"https:\/\/www.carbonesandinos.com\/wp-content\/uploads\/2025\/02\/elementos-grafico3-04-1024x879.png\" alt=\"\" class=\"wp-image-528\" style=\"width:200px\" srcset=\"http:\/\/www.carbonesandinos.com\/wp-content\/uploads\/2025\/02\/elementos-grafico3-04-1024x879.png 1024w, http:\/\/www.carbonesandinos.com\/wp-content\/uploads\/2025\/02\/elementos-grafico3-04-300x258.png 300w, http:\/\/www.carbonesandinos.com\/wp-content\/uploads\/2025\/02\/elementos-grafico3-04-768x659.png 768w, http:\/\/www.carbonesandinos.com\/wp-content\/uploads\/2025\/02\/elementos-grafico3-04-1536x1319.png 1536w, http:\/\/www.carbonesandinos.com\/wp-content\/uploads\/2025\/02\/elementos-grafico3-04-2048x1758.png 2048w\" sizes=\"auto, (max-width: 1024px) 100vw, 1024px\" \/><\/figure>\n<\/div>\n\n\n<h3 class=\"wp-block-heading has-text-align-center has-neve-text-color-color has-text-color\">Email<\/h3>\n\n\n\n<p class=\"has-text-align-center has-neve-text-color-color has-text-color\" style=\"font-size:15px\"><a href=\"mailto:info@carbonesandinos.com\">info@carbonesandinos.com<\/a><br><a href=\"mailto:etica@carbonesandinos.com\">etica@carbonesandinos.com<\/a><\/p>\n\n\n\n<div style=\"height:24px\" aria-hidden=\"true\" class=\"wp-block-spacer\"><\/div>\n<\/div>\n\n\n\n<div class=\"wp-block-column is-layout-flow wp-block-column-is-layout-flow\">\n<div style=\"height:24px\" aria-hidden=\"true\" class=\"wp-block-spacer\"><\/div>\n\n\n<div class=\"wp-block-image is-resized icon-style is-style-rounded\">\n<figure class=\"aligncenter size-large\"><img loading=\"lazy\" decoding=\"async\" width=\"1024\" height=\"879\" src=\"https:\/\/www.carbonesandinos.com\/wp-content\/uploads\/2025\/02\/elementos-graficos-04-1024x879.png\" alt=\"\" class=\"wp-image-527\" style=\"width:200px\" srcset=\"http:\/\/www.carbonesandinos.com\/wp-content\/uploads\/2025\/02\/elementos-graficos-04-1024x879.png 1024w, http:\/\/www.carbonesandinos.com\/wp-content\/uploads\/2025\/02\/elementos-graficos-04-300x258.png 300w, http:\/\/www.carbonesandinos.com\/wp-content\/uploads\/2025\/02\/elementos-graficos-04-768x659.png 768w, http:\/\/www.carbonesandinos.com\/wp-content\/uploads\/2025\/02\/elementos-graficos-04-1536x1319.png 1536w, http:\/\/www.carbonesandinos.com\/wp-content\/uploads\/2025\/02\/elementos-graficos-04-2048x1758.png 2048w\" sizes=\"auto, (max-width: 1024px) 100vw, 1024px\" \/><\/figure>\n<\/div>\n\n\n<h3 class=\"wp-block-heading has-text-align-center has-neve-text-color-color has-text-color\">Oficinas<\/h3>\n\n\n\n<p class=\"has-text-align-center\">Oficina principal:Bogot\u00e1 D.C., Colombia.<br>Direcci\u00f3n: &nbsp;Calle 108 # 45 &#8211; 30 Torre 2 Oficina 805<\/p>\n\n\n\n<p class=\"has-text-align-center\">Oficina mina:&nbsp;Samac\u00e1, Boyac\u00e1 &#8211; Colombia.<br>Direcci\u00f3n: &nbsp;Calle 6 # 4 &#8211; 80<\/p>\n<\/div>\n<\/div>\n\n\n\n<div style=\"height:30px\" aria-hidden=\"true\" class=\"wp-block-spacer\"><\/div>\n<\/div><\/div>\n\n\n\n<div class=\"wp-block-columns is-layout-flex wp-container-core-columns-is-layout-9d6595d7 wp-block-columns-is-layout-flex\">\n<div class=\"wp-block-column is-layout-flow wp-block-column-is-layout-flow\"><\/div>\n\n\n\n<div class=\"wp-block-column is-layout-flow wp-block-column-is-layout-flow\"><\/div>\n<\/div>\n","protected":false},"excerpt":{"rendered":"","protected":false},"author":1,"featured_media":0,"parent":0,"menu_order":0,"comment_status":"closed","ping_status":"closed","template":"","meta":{"neve_meta_sidebar":"","neve_meta_container":"default","neve_meta_enable_content_width":"on","neve_meta_content_width":100,"neve_meta_title_alignment":"center","neve_meta_author_avatar":"","neve_post_elements_order":"","neve_meta_disable_header":"","neve_meta_disable_footer":"","neve_meta_disable_title":"on","footnotes":""},"class_list":["post-85","page","type-page","status-publish","hentry"],"_links":{"self":[{"href":"http:\/\/www.carbonesandinos.com\/index.php?rest_route=\/wp\/v2\/pages\/85","targetHints":{"allow":["GET"]}}],"collection":[{"href":"http:\/\/www.carbonesandinos.com\/index.php?rest_route=\/wp\/v2\/pages"}],"about":[{"href":"http:\/\/www.carbonesandinos.com\/index.php?rest_route=\/wp\/v2\/types\/page"}],"author":[{"embeddable":true,"href":"http:\/\/www.carbonesandinos.com\/index.php?rest_route=\/wp\/v2\/users\/1"}],"replies":[{"embeddable":true,"href":"http:\/\/www.carbonesandinos.com\/index.php?rest_route=%2Fwp%2Fv2%2Fcomments&post=85"}],"version-history":[{"count":12,"href":"http:\/\/www.carbonesandinos.com\/index.php?rest_route=\/wp\/v2\/pages\/85\/revisions"}],"predecessor-version":[{"id":530,"href":"http:\/\/www.carbonesandinos.com\/index.php?rest_route=\/wp\/v2\/pages\/85\/revisions\/530"}],"wp:attachment":[{"href":"http:\/\/www.carbonesandinos.com\/index.php?rest_route=%2Fwp%2Fv2%2Fmedia&parent=85"}],"curies":[{"name":"wp","href":"https:\/\/api.w.org\/{rel}","templated":true}]}}