{"id":84,"date":"2024-02-27T15:15:53","date_gmt":"2024-02-27T15:15:53","guid":{"rendered":"https:\/\/carbonesandinos.com\/wp\/?page_id=84"},"modified":"2025-02-03T15:32:00","modified_gmt":"2025-02-03T15:32:00","slug":"nuestra-empresa","status":"publish","type":"page","link":"http:\/\/www.carbonesandinos.com\/?page_id=84","title":{"rendered":"Nuestra Empresa"},"content":{"rendered":"\n<div class=\"wp-block-cover alignfull is-light\" style=\"min-height:300px;aspect-ratio:unset;\"><span aria-hidden=\"true\" class=\"wp-block-cover__background has-nv-site-bg-background-color has-background-dim-100 has-background-dim\"><\/span><div class=\"wp-block-cover__inner-container is-layout-flow wp-block-cover-is-layout-flow\">\n<div class=\"wp-block-group\"><div class=\"wp-block-group__inner-container is-layout-flow wp-block-group-is-layout-flow\">\n<h1 class=\"wp-block-heading has-text-align-left has-neve-text-color-color has-text-color\">Nuestra Empresa<\/h1>\n<\/div><\/div>\n<\/div><\/div>\n\n\n\n<div class=\"wp-block-cover alignfull is-light\" style=\"min-height:600px;aspect-ratio:unset;\"><span aria-hidden=\"true\" class=\"wp-block-cover__background has-nv-light-bg-background-color has-background-dim-100 has-background-dim\"><\/span><div class=\"wp-block-cover__inner-container is-layout-flow wp-block-cover-is-layout-flow\">\n<div class=\"wp-block-group\"><div class=\"wp-block-group__inner-container is-layout-flow wp-block-group-is-layout-flow\">\n<div style=\"height:80px\" aria-hidden=\"true\" class=\"wp-block-spacer\"><\/div>\n\n\n\n<div class=\"wp-block-columns are-vertically-aligned-center is-layout-flex wp-container-core-columns-is-layout-9d6595d7 wp-block-columns-is-layout-flex\">\n<div class=\"wp-block-column is-vertically-aligned-center is-layout-flow wp-block-column-is-layout-flow\" style=\"flex-basis:50%\">\n<figure class=\"wp-block-image size-full size-large\"><img loading=\"lazy\" decoding=\"async\" width=\"1024\" height=\"682\" src=\"https:\/\/carbonesandinos.com\/wp\/wp-content\/uploads\/2024\/02\/WhatsApp-Image-2024-02-13-at-10.11.15-AM.jpeg\" alt=\"\" class=\"wp-image-157\" srcset=\"http:\/\/www.carbonesandinos.com\/wp-content\/uploads\/2024\/02\/WhatsApp-Image-2024-02-13-at-10.11.15-AM.jpeg 1024w, http:\/\/www.carbonesandinos.com\/wp-content\/uploads\/2024\/02\/WhatsApp-Image-2024-02-13-at-10.11.15-AM-300x200.jpeg 300w, http:\/\/www.carbonesandinos.com\/wp-content\/uploads\/2024\/02\/WhatsApp-Image-2024-02-13-at-10.11.15-AM-768x512.jpeg 768w, http:\/\/www.carbonesandinos.com\/wp-content\/uploads\/2024\/02\/WhatsApp-Image-2024-02-13-at-10.11.15-AM-930x620.jpeg 930w\" sizes=\"auto, (max-width: 1024px) 100vw, 1024px\" \/><\/figure>\n<\/div>\n\n\n\n<div class=\"wp-block-column is-vertically-aligned-center is-layout-flow wp-block-column-is-layout-flow\" style=\"flex-basis:50%\">\n<h2 class=\"wp-block-heading has-neve-text-color-color has-text-color\">Nuestra historia<\/h2>\n\n\n\n<p class=\"has-neve-text-color-color has-text-color has-medium-font-size\">Carbones Andinos nace como una empresa familiar que se ha expandido a la tercera generaci\u00f3n.<\/p>\n\n\n\n<p class=\"has-neve-text-color-color has-text-color\">Somos una empresa Colombiana, nacimos en Samac\u00e1 y nos hemos expandido por Boyac\u00e1, Cundinamarca y el Atl\u00e1ntico. Productores y exportadores de coque metal\u00fargico de alto rendimiento, y operamos con las mejores pr\u00e1cticas sociales y ambientales.<\/p>\n<\/div>\n<\/div>\n\n\n\n<div style=\"height:40px\" aria-hidden=\"true\" class=\"wp-block-spacer\"><\/div>\n<\/div><\/div>\n<\/div><\/div>\n\n\n\n<div class=\"wp-block-cover alignfull is-light\" style=\"min-height:600px;aspect-ratio:unset;\"><span aria-hidden=\"true\" class=\"wp-block-cover__background has-nv-dark-bg-background-color has-background-dim-70 has-background-dim\"><\/span><div class=\"wp-block-cover__inner-container is-layout-flow wp-block-cover-is-layout-flow\">\n<div class=\"wp-block-group\"><div class=\"wp-block-group__inner-container is-layout-flow wp-block-group-is-layout-flow\">\n<div style=\"height:80px\" aria-hidden=\"true\" class=\"wp-block-spacer\"><\/div>\n\n\n\n<div class=\"wp-block-columns are-vertically-aligned-center is-layout-flex wp-container-core-columns-is-layout-9d6595d7 wp-block-columns-is-layout-flex\">\n<div class=\"wp-block-column is-vertically-aligned-center is-layout-flow wp-block-column-is-layout-flow\" style=\"flex-basis:50%\">\n<h2 class=\"wp-block-heading has-nv-text-dark-bg-color has-text-color\">Prop\u00f3sito<\/h2>\n\n\n\n<p class=\"has-nv-text-dark-bg-color has-text-color has-medium-font-size\">Generamos la chispa para la constricci\u00f3n de la vida moderna<\/p>\n\n\n\n<h2 class=\"wp-block-heading has-nv-text-dark-bg-color has-text-color\">Visi\u00f3n<\/h2>\n\n\n\n<p class=\"has-nv-text-dark-bg-color has-text-color has-medium-font-size\">Transformarnos en una empresa de verdadera miner\u00eda sostenible<\/p>\n\n\n\n<div style=\"height:20px\" aria-hidden=\"true\" class=\"wp-block-spacer\"><\/div>\n<\/div>\n\n\n\n<div class=\"wp-block-column is-vertically-aligned-center is-layout-flow wp-block-column-is-layout-flow\" style=\"flex-basis:70%\"><div class=\"wp-block-image\">\n<figure class=\"aligncenter size-large\"><img loading=\"lazy\" decoding=\"async\" width=\"1024\" height=\"682\" src=\"https:\/\/carbonesandinos.com\/wp\/wp-content\/uploads\/2024\/02\/WhatsApp-Image-2024-02-13-at-10.17.25-AM-1024x682.jpeg\" alt=\"\" class=\"wp-image-160\" srcset=\"http:\/\/www.carbonesandinos.com\/wp-content\/uploads\/2024\/02\/WhatsApp-Image-2024-02-13-at-10.17.25-AM-1024x682.jpeg 1024w, http:\/\/www.carbonesandinos.com\/wp-content\/uploads\/2024\/02\/WhatsApp-Image-2024-02-13-at-10.17.25-AM-300x200.jpeg 300w, http:\/\/www.carbonesandinos.com\/wp-content\/uploads\/2024\/02\/WhatsApp-Image-2024-02-13-at-10.17.25-AM-768x512.jpeg 768w, http:\/\/www.carbonesandinos.com\/wp-content\/uploads\/2024\/02\/WhatsApp-Image-2024-02-13-at-10.17.25-AM-1536x1023.jpeg 1536w, http:\/\/www.carbonesandinos.com\/wp-content\/uploads\/2024\/02\/WhatsApp-Image-2024-02-13-at-10.17.25-AM-930x620.jpeg 930w, http:\/\/www.carbonesandinos.com\/wp-content\/uploads\/2024\/02\/WhatsApp-Image-2024-02-13-at-10.17.25-AM.jpeg 1600w\" sizes=\"auto, (max-width: 1024px) 100vw, 1024px\" \/><\/figure>\n<\/div><\/div>\n<\/div>\n\n\n\n<div style=\"height:40px\" aria-hidden=\"true\" class=\"wp-block-spacer\"><\/div>\n<\/div><\/div>\n<\/div><\/div>\n\n\n\n<div class=\"wp-block-cover alignfull is-light\" style=\"min-height:420px;aspect-ratio:unset;\"><span aria-hidden=\"true\" class=\"wp-block-cover__background has-nv-site-bg-background-color has-background-dim-100 has-background-dim\"><\/span><div class=\"wp-block-cover__inner-container is-layout-flow wp-block-cover-is-layout-flow\">\n<div style=\"height:90px\" aria-hidden=\"true\" class=\"wp-block-spacer\"><\/div>\n\n\n\n<h2 class=\"wp-block-heading\">Convicciones<\/h2>\n\n\n\n<div class=\"wp-block-columns is-layout-flex wp-container-core-columns-is-layout-9d6595d7 wp-block-columns-is-layout-flex\">\n<div class=\"wp-block-column ticss-4ce656f1 is-layout-flow wp-block-column-is-layout-flow\"><div class=\"wp-block-image is-resized icon-style is-style-default\">\n<figure data-wp-context=\"{&quot;imageId&quot;:&quot;69f581c617efe&quot;}\" data-wp-interactive=\"core\/image\" data-wp-key=\"69f581c617efe\" class=\"aligncenter size-large wp-lightbox-container\"><img loading=\"lazy\" decoding=\"async\" width=\"1024\" height=\"889\" data-wp-class--hide=\"state.isContentHidden\" data-wp-class--show=\"state.isContentVisible\" data-wp-init=\"callbacks.setButtonStyles\" data-wp-on--click=\"actions.showLightbox\" data-wp-on--load=\"callbacks.setButtonStyles\" data-wp-on-window--resize=\"callbacks.setButtonStyles\" src=\"https:\/\/carbonesandinos.com\/wp\/wp-content\/uploads\/2024\/02\/ICONO4-08-08-1024x889.png\" alt=\"\" class=\"wp-image-166\" style=\"aspect-ratio:1;object-fit:contain;width:100px\" srcset=\"http:\/\/www.carbonesandinos.com\/wp-content\/uploads\/2024\/02\/ICONO4-08-08-1024x889.png 1024w, http:\/\/www.carbonesandinos.com\/wp-content\/uploads\/2024\/02\/ICONO4-08-08-300x260.png 300w, http:\/\/www.carbonesandinos.com\/wp-content\/uploads\/2024\/02\/ICONO4-08-08-768x667.png 768w, http:\/\/www.carbonesandinos.com\/wp-content\/uploads\/2024\/02\/ICONO4-08-08-1536x1334.png 1536w, http:\/\/www.carbonesandinos.com\/wp-content\/uploads\/2024\/02\/ICONO4-08-08.png 1648w\" sizes=\"auto, (max-width: 1024px) 100vw, 1024px\" \/><button\n\t\t\tclass=\"lightbox-trigger\"\n\t\t\ttype=\"button\"\n\t\t\taria-haspopup=\"dialog\"\n\t\t\taria-label=\"Enlarge\"\n\t\t\tdata-wp-init=\"callbacks.initTriggerButton\"\n\t\t\tdata-wp-on--click=\"actions.showLightbox\"\n\t\t\tdata-wp-style--right=\"state.imageButtonRight\"\n\t\t\tdata-wp-style--top=\"state.imageButtonTop\"\n\t\t>\n\t\t\t<svg xmlns=\"http:\/\/www.w3.org\/2000\/svg\" width=\"12\" height=\"12\" fill=\"none\" viewBox=\"0 0 12 12\">\n\t\t\t\t<path fill=\"#fff\" d=\"M2 0a2 2 0 0 0-2 2v2h1.5V2a.5.5 0 0 1 .5-.5h2V0H2Zm2 10.5H2a.5.5 0 0 1-.5-.5V8H0v2a2 2 0 0 0 2 2h2v-1.5ZM8 12v-1.5h2a.5.5 0 0 0 .5-.5V8H12v2a2 2 0 0 1-2 2H8Zm2-12a2 2 0 0 1 2 2v2h-1.5V2a.5.5 0 0 0-.5-.5H8V0h2Z\" \/>\n\t\t\t<\/svg>\n\t\t<\/button><\/figure>\n<\/div>\n\n\n<div style=\"height:24px\" aria-hidden=\"true\" class=\"wp-block-spacer\"><\/div>\n\n\n\n<h3 class=\"wp-block-heading has-text-align-center has-neve-text-color-color has-text-color\">Primero las personas<\/h3>\n\n\n\n<p class=\"has-text-align-center has-neve-text-color-color has-text-color\" style=\"font-size:15px\">El bienestar de nuestra gente y las comunidades est\u00e1n por encima de todo.<\/p>\n\n\n\n<div style=\"height:20px\" aria-hidden=\"true\" class=\"wp-block-spacer\"><\/div>\n<\/div>\n\n\n\n<div class=\"wp-block-column ticss-f6fc7494 is-layout-flow wp-block-column-is-layout-flow\"><div class=\"wp-block-image is-resized icon-style is-style-rounded\">\n<figure class=\"aligncenter size-large\"><img loading=\"lazy\" decoding=\"async\" width=\"1024\" height=\"889\" src=\"https:\/\/carbonesandinos.com\/wp\/wp-content\/uploads\/2024\/02\/ICONO-9-08-08-1024x889.png\" alt=\"\" class=\"wp-image-168\" style=\"aspect-ratio:1;object-fit:contain;width:100px\" srcset=\"http:\/\/www.carbonesandinos.com\/wp-content\/uploads\/2024\/02\/ICONO-9-08-08-1024x889.png 1024w, http:\/\/www.carbonesandinos.com\/wp-content\/uploads\/2024\/02\/ICONO-9-08-08-300x260.png 300w, http:\/\/www.carbonesandinos.com\/wp-content\/uploads\/2024\/02\/ICONO-9-08-08-768x667.png 768w, http:\/\/www.carbonesandinos.com\/wp-content\/uploads\/2024\/02\/ICONO-9-08-08-1536x1334.png 1536w, http:\/\/www.carbonesandinos.com\/wp-content\/uploads\/2024\/02\/ICONO-9-08-08.png 1648w\" sizes=\"auto, (max-width: 1024px) 100vw, 1024px\" \/><\/figure>\n<\/div>\n\n\n<div style=\"height:24px\" aria-hidden=\"true\" class=\"wp-block-spacer\"><\/div>\n\n\n\n<h3 class=\"wp-block-heading has-text-align-center has-neve-text-color-color has-text-color\">Con los pies en la tierra<\/h3>\n\n\n\n<p class=\"has-text-align-center has-neve-text-color-color has-text-color\" style=\"font-size:15px\">Apuntamos alto pero con los pies en la tierra. Miramos hacia adelante pero trabajamos fuertemente a diario.<\/p>\n\n\n\n<div style=\"height:20px\" aria-hidden=\"true\" class=\"wp-block-spacer\"><\/div>\n<\/div>\n\n\n\n<div class=\"wp-block-column ticss-a5b4df29 is-layout-flow wp-block-column-is-layout-flow\"><div class=\"wp-block-image is-resized icon-style is-style-rounded\">\n<figure class=\"aligncenter size-large\"><img loading=\"lazy\" decoding=\"async\" width=\"1024\" height=\"889\" src=\"https:\/\/carbonesandinos.com\/wp\/wp-content\/uploads\/2024\/02\/icono-08-1024x889.png\" alt=\"\" class=\"wp-image-173\" style=\"aspect-ratio:1;object-fit:contain;width:100px\" srcset=\"http:\/\/www.carbonesandinos.com\/wp-content\/uploads\/2024\/02\/icono-08-1024x889.png 1024w, http:\/\/www.carbonesandinos.com\/wp-content\/uploads\/2024\/02\/icono-08-300x260.png 300w, http:\/\/www.carbonesandinos.com\/wp-content\/uploads\/2024\/02\/icono-08-768x667.png 768w, http:\/\/www.carbonesandinos.com\/wp-content\/uploads\/2024\/02\/icono-08-1536x1334.png 1536w, http:\/\/www.carbonesandinos.com\/wp-content\/uploads\/2024\/02\/icono-08.png 1648w\" sizes=\"auto, (max-width: 1024px) 100vw, 1024px\" \/><\/figure>\n<\/div>\n\n\n<div style=\"height:24px\" aria-hidden=\"true\" class=\"wp-block-spacer\"><\/div>\n\n\n\n<h3 class=\"wp-block-heading has-text-align-center has-neve-text-color-color has-text-color\">Somos gente valiente<\/h3>\n\n\n\n<p class=\"has-text-align-center has-neve-text-color-color has-text-color\" style=\"font-size:15px\">Nada nos derrumba, no nos intimidan los grandes retos ni los errores que cometamos. Ante las adversidades nos empoderamos, nos unimos y somos m\u00e1s fuertes.<\/p>\n\n\n\n<div style=\"height:20px\" aria-hidden=\"true\" class=\"wp-block-spacer\"><\/div>\n<\/div>\n<\/div>\n\n\n\n<div style=\"height:80px\" aria-hidden=\"true\" class=\"wp-block-spacer\"><\/div>\n\n\n\n<div class=\"wp-block-columns is-layout-flex wp-container-core-columns-is-layout-9d6595d7 wp-block-columns-is-layout-flex\">\n<div class=\"wp-block-column ticss-4ce656f1 is-layout-flow wp-block-column-is-layout-flow\"><div class=\"wp-block-image is-resized icon-style is-style-default\">\n<figure data-wp-context=\"{&quot;imageId&quot;:&quot;69f581c6191f0&quot;}\" data-wp-interactive=\"core\/image\" data-wp-key=\"69f581c6191f0\" class=\"aligncenter size-large wp-lightbox-container\"><img loading=\"lazy\" decoding=\"async\" width=\"1024\" height=\"889\" data-wp-class--hide=\"state.isContentHidden\" data-wp-class--show=\"state.isContentVisible\" data-wp-init=\"callbacks.setButtonStyles\" data-wp-on--click=\"actions.showLightbox\" data-wp-on--load=\"callbacks.setButtonStyles\" data-wp-on-window--resize=\"callbacks.setButtonStyles\" src=\"https:\/\/carbonesandinos.com\/wp\/wp-content\/uploads\/2024\/02\/ICONO-10-08-08-1-1024x889.png\" alt=\"\" class=\"wp-image-174\" style=\"aspect-ratio:1;object-fit:contain;width:100px\" srcset=\"http:\/\/www.carbonesandinos.com\/wp-content\/uploads\/2024\/02\/ICONO-10-08-08-1-1024x889.png 1024w, http:\/\/www.carbonesandinos.com\/wp-content\/uploads\/2024\/02\/ICONO-10-08-08-1-300x260.png 300w, http:\/\/www.carbonesandinos.com\/wp-content\/uploads\/2024\/02\/ICONO-10-08-08-1-768x667.png 768w, http:\/\/www.carbonesandinos.com\/wp-content\/uploads\/2024\/02\/ICONO-10-08-08-1-1536x1334.png 1536w, http:\/\/www.carbonesandinos.com\/wp-content\/uploads\/2024\/02\/ICONO-10-08-08-1.png 1648w\" sizes=\"auto, (max-width: 1024px) 100vw, 1024px\" \/><button\n\t\t\tclass=\"lightbox-trigger\"\n\t\t\ttype=\"button\"\n\t\t\taria-haspopup=\"dialog\"\n\t\t\taria-label=\"Enlarge\"\n\t\t\tdata-wp-init=\"callbacks.initTriggerButton\"\n\t\t\tdata-wp-on--click=\"actions.showLightbox\"\n\t\t\tdata-wp-style--right=\"state.imageButtonRight\"\n\t\t\tdata-wp-style--top=\"state.imageButtonTop\"\n\t\t>\n\t\t\t<svg xmlns=\"http:\/\/www.w3.org\/2000\/svg\" width=\"12\" height=\"12\" fill=\"none\" viewBox=\"0 0 12 12\">\n\t\t\t\t<path fill=\"#fff\" d=\"M2 0a2 2 0 0 0-2 2v2h1.5V2a.5.5 0 0 1 .5-.5h2V0H2Zm2 10.5H2a.5.5 0 0 1-.5-.5V8H0v2a2 2 0 0 0 2 2h2v-1.5ZM8 12v-1.5h2a.5.5 0 0 0 .5-.5V8H12v2a2 2 0 0 1-2 2H8Zm2-12a2 2 0 0 1 2 2v2h-1.5V2a.5.5 0 0 0-.5-.5H8V0h2Z\" \/>\n\t\t\t<\/svg>\n\t\t<\/button><\/figure>\n<\/div>\n\n\n<div style=\"height:24px\" aria-hidden=\"true\" class=\"wp-block-spacer\"><\/div>\n\n\n\n<h3 class=\"wp-block-heading has-text-align-center has-neve-text-color-color has-text-color\">La seguridad es prioridad<\/h3>\n\n\n\n<p class=\"has-text-align-center has-neve-text-color-color has-text-color\" style=\"font-size:15px\">D\u00eda a d\u00eda buscamos garantizar las condiciones id\u00f3neas para conservar la integridad de todos.<\/p>\n\n\n\n<div style=\"height:20px\" aria-hidden=\"true\" class=\"wp-block-spacer\"><\/div>\n<\/div>\n\n\n\n<div class=\"wp-block-column ticss-f6fc7494 is-layout-flow wp-block-column-is-layout-flow\"><div class=\"wp-block-image is-resized icon-style is-style-rounded\">\n<figure class=\"aligncenter size-large\"><img loading=\"lazy\" decoding=\"async\" width=\"1024\" height=\"889\" src=\"https:\/\/carbonesandinos.com\/wp\/wp-content\/uploads\/2024\/02\/icono-11-08-08-1024x889.png\" alt=\"\" class=\"wp-image-176\" style=\"aspect-ratio:1;object-fit:contain;width:100px\" srcset=\"http:\/\/www.carbonesandinos.com\/wp-content\/uploads\/2024\/02\/icono-11-08-08-1024x889.png 1024w, http:\/\/www.carbonesandinos.com\/wp-content\/uploads\/2024\/02\/icono-11-08-08-300x260.png 300w, http:\/\/www.carbonesandinos.com\/wp-content\/uploads\/2024\/02\/icono-11-08-08-768x667.png 768w, http:\/\/www.carbonesandinos.com\/wp-content\/uploads\/2024\/02\/icono-11-08-08-1536x1334.png 1536w, http:\/\/www.carbonesandinos.com\/wp-content\/uploads\/2024\/02\/icono-11-08-08.png 1648w\" sizes=\"auto, (max-width: 1024px) 100vw, 1024px\" \/><\/figure>\n<\/div>\n\n\n<div style=\"height:24px\" aria-hidden=\"true\" class=\"wp-block-spacer\"><\/div>\n\n\n\n<h3 class=\"wp-block-heading has-text-align-center has-neve-text-color-color has-text-color\">El planeta merece respeto<\/h3>\n\n\n\n<p class=\"has-text-align-center has-neve-text-color-color has-text-color\" style=\"font-size:15px\">No subestimamos el poder del plantesobre nosotros. Somos concientes con los recursos del planeta.<\/p>\n\n\n\n<div style=\"height:20px\" aria-hidden=\"true\" class=\"wp-block-spacer\"><\/div>\n<\/div>\n\n\n\n<div class=\"wp-block-column ticss-a5b4df29 is-layout-flow wp-block-column-is-layout-flow\"><div class=\"wp-block-image is-resized icon-style is-style-rounded\">\n<figure class=\"aligncenter size-large\"><img loading=\"lazy\" decoding=\"async\" width=\"1024\" height=\"889\" src=\"https:\/\/carbonesandinos.com\/wp\/wp-content\/uploads\/2024\/02\/icono-12-08-08-1024x889.png\" alt=\"\" class=\"wp-image-177\" style=\"aspect-ratio:1;object-fit:contain;width:100px\" srcset=\"http:\/\/www.carbonesandinos.com\/wp-content\/uploads\/2024\/02\/icono-12-08-08-1024x889.png 1024w, http:\/\/www.carbonesandinos.com\/wp-content\/uploads\/2024\/02\/icono-12-08-08-300x260.png 300w, http:\/\/www.carbonesandinos.com\/wp-content\/uploads\/2024\/02\/icono-12-08-08-768x667.png 768w, http:\/\/www.carbonesandinos.com\/wp-content\/uploads\/2024\/02\/icono-12-08-08-1536x1334.png 1536w, http:\/\/www.carbonesandinos.com\/wp-content\/uploads\/2024\/02\/icono-12-08-08.png 1648w\" sizes=\"auto, (max-width: 1024px) 100vw, 1024px\" \/><\/figure>\n<\/div>\n\n\n<div style=\"height:24px\" aria-hidden=\"true\" class=\"wp-block-spacer\"><\/div>\n\n\n\n<h3 class=\"wp-block-heading has-text-align-center has-neve-text-color-color has-text-color\">En constante transformaci\u00f3n<\/h3>\n\n\n\n<p class=\"has-text-align-center has-neve-text-color-color has-text-color\" style=\"font-size:15px\">Apalancados en la tecnolog\u00eda e innovaci\u00f3n nos transformamos para generar el mejor impacto posible en todas nuestras acciones.<\/p>\n\n\n\n<div style=\"height:20px\" aria-hidden=\"true\" class=\"wp-block-spacer\"><\/div>\n<\/div>\n<\/div>\n\n\n\n<div style=\"height:30px\" aria-hidden=\"true\" class=\"wp-block-spacer\"><\/div>\n<\/div><\/div>\n\n\n\n<div class=\"wp-block-cover alignfull is-light\" style=\"min-height:600px;aspect-ratio:unset;\"><span aria-hidden=\"true\" class=\"wp-block-cover__background has-nv-light-bg-background-color has-background-dim-100 has-background-dim\"><\/span><div class=\"wp-block-cover__inner-container is-layout-flow wp-block-cover-is-layout-flow\">\n<div class=\"wp-block-group\"><div class=\"wp-block-group__inner-container is-layout-flow wp-block-group-is-layout-flow\">\n<div style=\"height:80px\" aria-hidden=\"true\" class=\"wp-block-spacer\"><\/div>\n\n\n\n<h2 class=\"wp-block-heading\">Nuestra certificaci\u00f3n<\/h2>\n\n\n\n<div style=\"height:40px\" aria-hidden=\"true\" class=\"wp-block-spacer\"><\/div>\n<\/div><\/div>\n\n\n<div class=\"wp-block-image\">\n<figure class=\"aligncenter size-full is-resized\"><img loading=\"lazy\" decoding=\"async\" width=\"1015\" height=\"648\" src=\"https:\/\/carbonesandinos.com\/wp\/wp-content\/uploads\/2025\/01\/iso9001-01.png\" alt=\"R\u00e9cor de exportaci\u00f3n de coque metal\u00fargico de Carbones Andios en Barranquilla\" class=\"wp-image-433\" style=\"width:1015px;height:auto\" srcset=\"http:\/\/www.carbonesandinos.com\/wp-content\/uploads\/2025\/01\/iso9001-01.png 1015w, http:\/\/www.carbonesandinos.com\/wp-content\/uploads\/2025\/01\/iso9001-01-300x192.png 300w, http:\/\/www.carbonesandinos.com\/wp-content\/uploads\/2025\/01\/iso9001-01-768x490.png 768w\" sizes=\"auto, (max-width: 1015px) 100vw, 1015px\" \/><\/figure>\n<\/div>\n\n\n<figure class=\"wp-block-pullquote\"><blockquote><p>R\u00e9cord de exportaci\u00f3n desde Barranquilla con 39.031 toneladas de nuestro coque metal\u00fargico<\/p><cite>Buque MV Port Oshima<\/cite><\/blockquote><\/figure>\n<\/div><\/div>\n\n\n\n<p><\/p>\n","protected":false},"excerpt":{"rendered":"","protected":false},"author":1,"featured_media":0,"parent":0,"menu_order":0,"comment_status":"closed","ping_status":"closed","template":"","meta":{"neve_meta_sidebar":"","neve_meta_container":"","neve_meta_enable_content_width":"on","neve_meta_content_width":100,"neve_meta_title_alignment":"","neve_meta_author_avatar":"","neve_post_elements_order":"","neve_meta_disable_header":"","neve_meta_disable_footer":"","neve_meta_disable_title":"on","footnotes":""},"class_list":["post-84","page","type-page","status-publish","hentry"],"_links":{"self":[{"href":"http:\/\/www.carbonesandinos.com\/index.php?rest_route=\/wp\/v2\/pages\/84","targetHints":{"allow":["GET"]}}],"collection":[{"href":"http:\/\/www.carbonesandinos.com\/index.php?rest_route=\/wp\/v2\/pages"}],"about":[{"href":"http:\/\/www.carbonesandinos.com\/index.php?rest_route=\/wp\/v2\/types\/page"}],"author":[{"embeddable":true,"href":"http:\/\/www.carbonesandinos.com\/index.php?rest_route=\/wp\/v2\/users\/1"}],"replies":[{"embeddable":true,"href":"http:\/\/www.carbonesandinos.com\/index.php?rest_route=%2Fwp%2Fv2%2Fcomments&post=84"}],"version-history":[{"count":24,"href":"http:\/\/www.carbonesandinos.com\/index.php?rest_route=\/wp\/v2\/pages\/84\/revisions"}],"predecessor-version":[{"id":491,"href":"http:\/\/www.carbonesandinos.com\/index.php?rest_route=\/wp\/v2\/pages\/84\/revisions\/491"}],"wp:attachment":[{"href":"http:\/\/www.carbonesandinos.com\/index.php?rest_route=%2Fwp%2Fv2%2Fmedia&parent=84"}],"curies":[{"name":"wp","href":"https:\/\/api.w.org\/{rel}","templated":true}]}}