{"id":83,"date":"2024-02-27T15:15:53","date_gmt":"2024-02-27T15:15:53","guid":{"rendered":"https:\/\/carbonesandinos.com\/wp\/?page_id=83"},"modified":"2025-02-12T12:54:15","modified_gmt":"2025-02-12T12:54:15","slug":"carbones-andinos","status":"publish","type":"page","link":"http:\/\/www.carbonesandinos.com\/","title":{"rendered":"Carbones Andinos"},"content":{"rendered":"\n<figure class=\"wp-block-video\"><video height=\"720\" style=\"aspect-ratio: 1280 \/ 720;\" width=\"1280\" autoplay loop muted preload=\"auto\" src=\"http:\/\/www.carbonesandinos.com\/wp-content\/uploads\/2024\/02\/Video-sin-titulo-\u2010-Hecho-con-Clipchamp-comprimido.mp4\" playsinline><\/video><\/figure>\n\n\n\n<div style=\"height:80px\" aria-hidden=\"true\" class=\"wp-block-spacer\"><\/div>\n\n\n<div class=\"wp-block-image\">\n<figure class=\"aligncenter size-large is-resized\"><img loading=\"lazy\" decoding=\"async\" width=\"1024\" height=\"477\" src=\"https:\/\/carbonesandinos.com\/wp\/wp-content\/uploads\/2024\/02\/ISO-9001-2015-1024x477.png\" alt=\"ISO9001:2018 Carbones Andinos\" class=\"wp-image-111\" style=\"width:286px;height:auto\" srcset=\"http:\/\/www.carbonesandinos.com\/wp-content\/uploads\/2024\/02\/ISO-9001-2015-1024x477.png 1024w, http:\/\/www.carbonesandinos.com\/wp-content\/uploads\/2024\/02\/ISO-9001-2015-300x140.png 300w, http:\/\/www.carbonesandinos.com\/wp-content\/uploads\/2024\/02\/ISO-9001-2015-768x358.png 768w, http:\/\/www.carbonesandinos.com\/wp-content\/uploads\/2024\/02\/ISO-9001-2015.png 1200w\" sizes=\"auto, (max-width: 1024px) 100vw, 1024px\" \/><\/figure>\n<\/div>\n\n\n<div style=\"height:55px\" aria-hidden=\"true\" class=\"wp-block-spacer\"><\/div>\n\n\n\n<p class=\"has-text-align-center\">Carbones Andinos es una empresa con m\u00e1s de 60 a\u00f1os de trayectoria que ha evolucionado a trav\u00e9s de tres generaciones familiares. Dedicada a la explotaci\u00f3n, producci\u00f3n y comercializaci\u00f3n de coque a nivel internacional, la compa\u00f1\u00eda se ha consolidado como un referente en el sector. Con operaciones en <strong>Cundinamarca, Boyac\u00e1, el Atl\u00e1ntico y Bogot\u00e1<\/strong>, genera empleo para m\u00e1s de 1.000 trabajadores, contribuyendo al desarrollo econ\u00f3mico y promoviendo la sostenibilidad en las regiones donde tiene presencia.<\/p>\n\n\n\n<div style=\"height:17px\" aria-hidden=\"true\" class=\"wp-block-spacer\"><\/div>\n\n\n\n<h3 class=\"wp-block-heading has-text-align-center\"><em>M\u00e1s de 3.8 millones de toneladas de coque exportadas a todo el mundo<\/em><\/h3>\n\n\n\n<div style=\"height:17px\" aria-hidden=\"true\" class=\"wp-block-spacer\"><\/div>\n\n\n\n<div style=\"height:55px\" aria-hidden=\"true\" class=\"wp-block-spacer\"><\/div>\n\n\n\n<div class=\"wp-block-columns is-layout-flex wp-container-core-columns-is-layout-9d6595d7 wp-block-columns-is-layout-flex\">\n<div class=\"wp-block-column is-layout-flow wp-block-column-is-layout-flow\"><div class=\"wp-block-image icon-style is-style-default\">\n<figure class=\"aligncenter size-large is-resized\"><img loading=\"lazy\" decoding=\"async\" width=\"1024\" height=\"1024\" src=\"https:\/\/carbonesandinos.com\/wp\/wp-content\/uploads\/2024\/02\/icono-1-10-1024x1024.png\" alt=\"\" class=\"wp-image-103\" style=\"width:80px\" srcset=\"http:\/\/www.carbonesandinos.com\/wp-content\/uploads\/2024\/02\/icono-1-10-1024x1024.png 1024w, http:\/\/www.carbonesandinos.com\/wp-content\/uploads\/2024\/02\/icono-1-10-300x300.png 300w, http:\/\/www.carbonesandinos.com\/wp-content\/uploads\/2024\/02\/icono-1-10-150x150.png 150w, http:\/\/www.carbonesandinos.com\/wp-content\/uploads\/2024\/02\/icono-1-10-768x768.png 768w, http:\/\/www.carbonesandinos.com\/wp-content\/uploads\/2024\/02\/icono-1-10.png 1250w\" sizes=\"auto, (max-width: 1024px) 100vw, 1024px\" \/><\/figure>\n<\/div>\n\n\n<h3 class=\"wp-block-heading has-text-align-center has-neve-text-color-color has-text-color\">Responsabilidad <br>Social<\/h3>\n\n\n\n<p class=\"has-text-align-center\">Creadora de bienestar<br>para nuestra comunidad<\/p>\n\n\n\n<div style=\"height:20px\" aria-hidden=\"true\" class=\"wp-block-spacer\"><\/div>\n<\/div>\n\n\n\n<div class=\"wp-block-column is-layout-flow wp-block-column-is-layout-flow\"><div class=\"wp-block-image icon-style is-style-default\">\n<figure class=\"aligncenter size-large is-resized\"><img loading=\"lazy\" decoding=\"async\" width=\"1024\" height=\"1024\" src=\"https:\/\/carbonesandinos.com\/wp\/wp-content\/uploads\/2024\/02\/icono-2-1024x1024.png\" alt=\"\" class=\"wp-image-104\" style=\"width:80px\" srcset=\"http:\/\/www.carbonesandinos.com\/wp-content\/uploads\/2024\/02\/icono-2-1024x1024.png 1024w, http:\/\/www.carbonesandinos.com\/wp-content\/uploads\/2024\/02\/icono-2-300x300.png 300w, http:\/\/www.carbonesandinos.com\/wp-content\/uploads\/2024\/02\/icono-2-150x150.png 150w, http:\/\/www.carbonesandinos.com\/wp-content\/uploads\/2024\/02\/icono-2-768x768.png 768w, http:\/\/www.carbonesandinos.com\/wp-content\/uploads\/2024\/02\/icono-2.png 1250w\" sizes=\"auto, (max-width: 1024px) 100vw, 1024px\" \/><\/figure>\n<\/div>\n\n\n<h3 class=\"wp-block-heading has-text-align-center has-neve-text-color-color has-text-color\">Responsabilidad <br>ambiental<\/h3>\n\n\n\n<p class=\"has-text-align-center\">L\u00edder en reducciones<br>de emisiones de CO2<\/p>\n\n\n\n<div style=\"height:20px\" aria-hidden=\"true\" class=\"wp-block-spacer\"><\/div>\n<\/div>\n\n\n\n<div class=\"wp-block-column is-layout-flow wp-block-column-is-layout-flow\"><div class=\"wp-block-image icon-style is-style-rounded\">\n<figure class=\"aligncenter size-large is-resized\"><img loading=\"lazy\" decoding=\"async\" width=\"1024\" height=\"1024\" src=\"https:\/\/carbonesandinos.com\/wp\/wp-content\/uploads\/2024\/02\/icono-3-1024x1024.png\" alt=\"\" class=\"wp-image-107\" style=\"width:80px\" srcset=\"http:\/\/www.carbonesandinos.com\/wp-content\/uploads\/2024\/02\/icono-3-1024x1024.png 1024w, http:\/\/www.carbonesandinos.com\/wp-content\/uploads\/2024\/02\/icono-3-300x300.png 300w, http:\/\/www.carbonesandinos.com\/wp-content\/uploads\/2024\/02\/icono-3-150x150.png 150w, http:\/\/www.carbonesandinos.com\/wp-content\/uploads\/2024\/02\/icono-3-768x768.png 768w, http:\/\/www.carbonesandinos.com\/wp-content\/uploads\/2024\/02\/icono-3.png 1250w\" sizes=\"auto, (max-width: 1024px) 100vw, 1024px\" \/><\/figure>\n<\/div>\n\n\n<h3 class=\"wp-block-heading has-text-align-center has-neve-text-color-color has-text-color\">Producto de excelente<br>Calidad<\/h3>\n\n\n\n<p class=\"has-text-align-center\">Productora del coque<br>de mayor rendimiento en Colombia<\/p>\n\n\n\n<div style=\"height:20px\" aria-hidden=\"true\" class=\"wp-block-spacer\"><\/div>\n<\/div>\n<\/div>\n\n\n\n<div class=\"alignnormal\"><div id=\"metaslider-id-347\" style=\"max-width: 800px; margin: 0 auto;\" class=\"ml-slider-3-108-0 metaslider metaslider-flex metaslider-347 ml-slider has-dots-nav ms-theme-outline\" role=\"region\" aria-label=\"Noticias\" data-height=\"400\" data-width=\"800\">\n    <div id=\"metaslider_container_347\">\n        <div id=\"metaslider_347\">\n            <ul class='slides'>\n                <li style=\"display: block; width: 100%;\" class=\"slide-609 ms-image \" aria-roledescription=\"slide\" data-date=\"2025-11-27 21:54:07\" data-filename=\"content-6-800x400.webp\" data-slide-type=\"image\"><a href=\"http:\/\/www.carbonesandinos.com\/?p=594\" target=\"_self\" aria-label=\"View Slide Details\" class=\"metaslider_image_link\"><img loading=\"lazy\" decoding=\"async\" src=\"http:\/\/www.carbonesandinos.com\/wp-content\/uploads\/2025\/11\/content-6-800x400.webp\" height=\"400\" width=\"800\" alt=\"\" class=\"slider-347 slide-609 msDefaultImage\" title=\"content (6)\" \/><\/a><div class=\"caption-wrap\"><div class=\"caption\"><div> <p class=\"MsoNormal\">Nuestras Mujeres, un referente de la miner\u00eda hecha con el coraz\u00f3n.<\/p> <\/div><\/div><\/div><\/li>\n                <li style=\"display: none; width: 100%;\" class=\"slide-593 ms-image \" aria-roledescription=\"slide\" data-date=\"2025-11-27 21:16:10\" data-filename=\"d369b493-396b-47a2-a74f-27cf9522de37-800x400.webp\" data-slide-type=\"image\"><a href=\"http:\/\/www.carbonesandinos.com\/?p=587\" target=\"_self\" aria-label=\"View Slide Details\" class=\"metaslider_image_link\"><img loading=\"lazy\" decoding=\"async\" src=\"http:\/\/www.carbonesandinos.com\/wp-content\/uploads\/2025\/11\/d369b493-396b-47a2-a74f-27cf9522de37-800x400.webp\" height=\"400\" width=\"800\" alt=\"\" class=\"slider-347 slide-593 msDefaultImage\" title=\"d369b493-396b-47a2-a74f-27cf9522de37\" \/><\/a><div class=\"caption-wrap\"><div class=\"caption\"><div>Estamos comprometidos con la sostenibilidad corporativa.<\/div><\/div><\/div><\/li>\n                <li style=\"display: none; width: 100%;\" class=\"slide-566 ms-image \" aria-roledescription=\"slide\" data-date=\"2025-10-24 14:18:22\" data-filename=\"Imagen-de-WhatsApp-2025-10-24-a-las-09.16.08_537d7608-800x400.jpg\" data-slide-type=\"image\"><a href=\"http:\/\/www.carbonesandinos.com\/?p=561\" target=\"_self\" aria-label=\"View Slide Details\" class=\"metaslider_image_link\"><img loading=\"lazy\" decoding=\"async\" src=\"http:\/\/www.carbonesandinos.com\/wp-content\/uploads\/2025\/10\/Imagen-de-WhatsApp-2025-10-24-a-las-09.16.08_537d7608-800x400.jpg\" height=\"400\" width=\"800\" alt=\"\" class=\"slider-347 slide-566 msDefaultImage\" title=\"Imagen de WhatsApp 2025-10-24 a las 09.16.08_537d7608\" \/><\/a><div class=\"caption-wrap\"><div class=\"caption\"><div> <p class=\"MsoNormal\"><span style=\"font-family:Arial, sans-serif;\">La Fundaci\u00f3n Coraz\u00f3n Andino es galardonada en los premios de sostenibilidad en Boyac\u00e1.<\/span><\/p> <\/div><\/div><\/div><\/li>\n                <li style=\"display: none; width: 100%;\" class=\"slide-541 ms-image \" aria-roledescription=\"slide\" data-date=\"2025-07-29 16:56:29\" data-filename=\"Ima5-800x400.jpg\" data-slide-type=\"image\"><a href=\"http:\/\/www.carbonesandinos.com\/?p=532\" target=\"_blank\" aria-label=\"View Slide Details\" class=\"metaslider_image_link\"><img loading=\"lazy\" decoding=\"async\" src=\"http:\/\/www.carbonesandinos.com\/wp-content\/uploads\/2025\/07\/Ima5-800x400.jpg\" height=\"400\" width=\"800\" alt=\"\" class=\"slider-347 slide-541 msDefaultImage\" title=\"miner\u00eda\" \/><\/a><div class=\"caption-wrap\"><div class=\"caption\"><div style=\"text-align:center;\">As\u00ed conmemoramos el mes del minero<\/div><\/div><\/div><\/li>\n                <li style=\"display: none; width: 100%;\" class=\"slide-352 ms-image \" aria-roledescription=\"slide\" data-date=\"2025-01-15 18:59:23\" data-filename=\"576e6bb1-50a8-4104-970c-d728d0b60b2d-1024x682-1-800x400.jpg\" data-slide-type=\"image\"><a href=\"https:\/\/carbonesandinos.com\/wp\/2024\/12\/20\/hello-world\/\" target=\"_self\" aria-label=\"View Slide Details\" class=\"metaslider_image_link\"><img loading=\"lazy\" decoding=\"async\" src=\"http:\/\/www.carbonesandinos.com\/wp-content\/uploads\/2025\/01\/576e6bb1-50a8-4104-970c-d728d0b60b2d-1024x682-1-800x400.jpg\" height=\"400\" width=\"800\" alt=\"Carbones Andinos\" class=\"slider-347 slide-352 msDefaultImage\" title=\"576e6bb1-50a8-4104-970c-d728d0b60b2d-1024x682\" \/><\/a><div class=\"caption-wrap\"><div class=\"caption\"><div>Entrega de premio \"Hechos al Carb\u00f3n\" en el cierre de SAMACATEX<\/div><\/div><\/div><\/li>\n            <\/ul>\n        <\/div>\n        \n    <\/div>\n<\/div><\/div>\n\n\n\n<div style=\"height:69px\" aria-hidden=\"true\" class=\"wp-block-spacer\"><\/div>\n\n\n<div class=\"wp-block-image\">\n<figure class=\"aligncenter size-large\"><a href=\"https:\/\/carbonesandinos.com\/wp\/fundacioncorazonandino\/\" target=\"_blank\" rel=\" noreferrer noopener\"><img loading=\"lazy\" decoding=\"async\" width=\"1024\" height=\"142\" src=\"https:\/\/carbonesandinos.com\/wp\/wp-content\/uploads\/2024\/02\/fundacion-corazon-andino-1024x142.png\" alt=\"\" class=\"wp-image-113\" srcset=\"http:\/\/www.carbonesandinos.com\/wp-content\/uploads\/2024\/02\/fundacion-corazon-andino-1024x142.png 1024w, http:\/\/www.carbonesandinos.com\/wp-content\/uploads\/2024\/02\/fundacion-corazon-andino-300x42.png 300w, http:\/\/www.carbonesandinos.com\/wp-content\/uploads\/2024\/02\/fundacion-corazon-andino-768x107.png 768w, http:\/\/www.carbonesandinos.com\/wp-content\/uploads\/2024\/02\/fundacion-corazon-andino-1536x213.png 1536w, http:\/\/www.carbonesandinos.com\/wp-content\/uploads\/2024\/02\/fundacion-corazon-andino-2048x284.png 2048w\" sizes=\"auto, (max-width: 1024px) 100vw, 1024px\" \/><\/a><\/figure>\n<\/div>\n\n\n<div class=\"wp-block-group is-light has-nv-light-bg-background-color has-background\"><div class=\"wp-block-group__inner-container is-layout-flow wp-block-group-is-layout-flow\">\n<div style=\"height:40px\" aria-hidden=\"true\" class=\"wp-block-spacer\"><\/div>\n<\/div><\/div>\n\n\n\n<div style=\"height:40px\" aria-hidden=\"true\" class=\"wp-block-spacer\"><\/div>\n\n\n\n<div class=\"wp-block-buttons is-layout-flex wp-block-buttons-is-layout-flex\">\n\n<\/div>\n","protected":false},"excerpt":{"rendered":"<p>Carbones Andinos es una empresa con m\u00e1s de 60 a\u00f1os de trayectoria que ha evolucionado a trav\u00e9s de tres generaciones familiares. Dedicada a la explotaci\u00f3n, producci\u00f3n y comercializaci\u00f3n de coque a nivel internacional, la compa\u00f1\u00eda se ha consolidado como un referente en el sector. Con operaciones en Cundinamarca, Boyac\u00e1, el Atl\u00e1ntico y Bogot\u00e1, genera empleo&hellip;&nbsp;<a href=\"http:\/\/www.carbonesandinos.com\/\" rel=\"bookmark\">Read More &raquo;<span class=\"screen-reader-text\">Carbones Andinos<\/span><\/a><\/p>\n","protected":false},"author":1,"featured_media":0,"parent":0,"menu_order":0,"comment_status":"closed","ping_status":"closed","template":"","meta":{"neve_meta_sidebar":"","neve_meta_container":"","neve_meta_enable_content_width":"on","neve_meta_content_width":100,"neve_meta_title_alignment":"","neve_meta_author_avatar":"","neve_post_elements_order":"","neve_meta_disable_header":"","neve_meta_disable_footer":"","neve_meta_disable_title":"on","footnotes":""},"class_list":["post-83","page","type-page","status-publish","hentry"],"_links":{"self":[{"href":"http:\/\/www.carbonesandinos.com\/index.php?rest_route=\/wp\/v2\/pages\/83","targetHints":{"allow":["GET"]}}],"collection":[{"href":"http:\/\/www.carbonesandinos.com\/index.php?rest_route=\/wp\/v2\/pages"}],"about":[{"href":"http:\/\/www.carbonesandinos.com\/index.php?rest_route=\/wp\/v2\/types\/page"}],"author":[{"embeddable":true,"href":"http:\/\/www.carbonesandinos.com\/index.php?rest_route=\/wp\/v2\/users\/1"}],"replies":[{"embeddable":true,"href":"http:\/\/www.carbonesandinos.com\/index.php?rest_route=%2Fwp%2Fv2%2Fcomments&post=83"}],"version-history":[{"count":39,"href":"http:\/\/www.carbonesandinos.com\/index.php?rest_route=\/wp\/v2\/pages\/83\/revisions"}],"predecessor-version":[{"id":508,"href":"http:\/\/www.carbonesandinos.com\/index.php?rest_route=\/wp\/v2\/pages\/83\/revisions\/508"}],"wp:attachment":[{"href":"http:\/\/www.carbonesandinos.com\/index.php?rest_route=%2Fwp%2Fv2%2Fmedia&parent=83"}],"curies":[{"name":"wp","href":"https:\/\/api.w.org\/{rel}","templated":true}]}}