{"id":457,"date":"2025-02-03T14:57:35","date_gmt":"2025-02-03T14:57:35","guid":{"rendered":"https:\/\/carbonesandinos.com\/wp\/?page_id=457"},"modified":"2025-02-12T13:06:45","modified_gmt":"2025-02-12T13:06:45","slug":"fundacioncorazonandino","status":"publish","type":"page","link":"http:\/\/www.carbonesandinos.com\/?page_id=457","title":{"rendered":"Fundaci\u00f3n Coraz\u00f3n Andino"},"content":{"rendered":"\n<div class=\"wp-block-cover alignfull is-light\" style=\"min-height:300px;aspect-ratio:unset;\"><span aria-hidden=\"true\" class=\"wp-block-cover__background has-nv-site-bg-background-color has-background-dim-100 has-background-dim\"><\/span><div class=\"wp-block-cover__inner-container is-layout-flow wp-block-cover-is-layout-flow\">\n<div style=\"height:92px\" aria-hidden=\"true\" class=\"wp-block-spacer\"><\/div>\n\n\n<div class=\"wp-block-image\">\n<figure class=\"aligncenter size-large is-resized\"><img loading=\"lazy\" decoding=\"async\" width=\"1024\" height=\"389\" src=\"https:\/\/carbonesandinos.com\/wp\/wp-content\/uploads\/2025\/02\/Fundacion-logo-transparente-1024x389.png\" alt=\"Fundaci\u00f3n Coraz\u00f3n Andino\" class=\"wp-image-467\" style=\"width:695px;height:auto\" srcset=\"http:\/\/www.carbonesandinos.com\/wp-content\/uploads\/2025\/02\/Fundacion-logo-transparente-1024x389.png 1024w, http:\/\/www.carbonesandinos.com\/wp-content\/uploads\/2025\/02\/Fundacion-logo-transparente-300x114.png 300w, http:\/\/www.carbonesandinos.com\/wp-content\/uploads\/2025\/02\/Fundacion-logo-transparente-768x292.png 768w, http:\/\/www.carbonesandinos.com\/wp-content\/uploads\/2025\/02\/Fundacion-logo-transparente-1536x583.png 1536w, http:\/\/www.carbonesandinos.com\/wp-content\/uploads\/2025\/02\/Fundacion-logo-transparente-2048x778.png 2048w\" sizes=\"auto, (max-width: 1024px) 100vw, 1024px\" \/><\/figure>\n<\/div><\/div><\/div>\n\n\n\n<div class=\"wp-block-cover alignfull is-light\" style=\"min-height:600px;aspect-ratio:unset;\"><span aria-hidden=\"true\" class=\"wp-block-cover__background has-nv-light-bg-background-color has-background-dim-0 has-background-dim\"><\/span><div class=\"wp-block-cover__inner-container is-layout-flow wp-block-cover-is-layout-flow\">\n<div class=\"wp-block-group\"><div class=\"wp-block-group__inner-container is-layout-flow wp-block-group-is-layout-flow\">\n<div style=\"height:121px\" aria-hidden=\"true\" class=\"wp-block-spacer\"><\/div>\n\n\n\n<div class=\"wp-block-columns are-vertically-aligned-center is-layout-flex wp-container-core-columns-is-layout-9d6595d7 wp-block-columns-is-layout-flex\">\n<div class=\"wp-block-column is-vertically-aligned-center is-layout-flow wp-block-column-is-layout-flow\" style=\"flex-basis:50%\">\n<figure class=\"wp-block-image size-full size-large\"><img loading=\"lazy\" decoding=\"async\" width=\"2560\" height=\"1707\" src=\"https:\/\/carbonesandinos.com\/wp\/wp-content\/uploads\/2025\/02\/DSC01235-scaled.jpg\" alt=\"\" class=\"wp-image-460\" srcset=\"http:\/\/www.carbonesandinos.com\/wp-content\/uploads\/2025\/02\/DSC01235-scaled.jpg 2560w, http:\/\/www.carbonesandinos.com\/wp-content\/uploads\/2025\/02\/DSC01235-300x200.jpg 300w, http:\/\/www.carbonesandinos.com\/wp-content\/uploads\/2025\/02\/DSC01235-1024x683.jpg 1024w, http:\/\/www.carbonesandinos.com\/wp-content\/uploads\/2025\/02\/DSC01235-768x512.jpg 768w, http:\/\/www.carbonesandinos.com\/wp-content\/uploads\/2025\/02\/DSC01235-1536x1024.jpg 1536w, http:\/\/www.carbonesandinos.com\/wp-content\/uploads\/2025\/02\/DSC01235-2048x1365.jpg 2048w, http:\/\/www.carbonesandinos.com\/wp-content\/uploads\/2025\/02\/DSC01235-930x620.jpg 930w\" sizes=\"auto, (max-width: 2560px) 100vw, 2560px\" \/><\/figure>\n<\/div>\n\n\n\n<div class=\"wp-block-column is-vertically-aligned-center is-layout-flow wp-block-column-is-layout-flow\" style=\"flex-basis:50%\">\n<h2 class=\"wp-block-heading has-neve-text-color-color has-text-color\">Nosotros<\/h2>\n\n\n\n<p class=\"has-neve-text-color-color has-text-color has-medium-font-size\">Estamos comprometidos con las comunidades de nuestra zona de influencia<\/p>\n\n\n\n<p class=\"has-neve-text-color-color has-text-color\">La Fundaci\u00f3n Coraz\u00f3n Andino naci\u00f3 en 2013 con el prop\u00f3sito de mitigar, compensar y corregir los impactos socioambientales generados por Carbones Andinos SAS. Desde entonces, hemos trabajado incansablemente para mejorar la calidad de vida de las comunidades de nuestra zona de influencia: Samac\u00e1, San Mateo, Socha y Socot\u00e1, en el departamento de Boyac\u00e1.<\/p>\n<\/div>\n<\/div>\n\n\n\n<div style=\"height:84px\" aria-hidden=\"true\" class=\"wp-block-spacer\"><\/div>\n<\/div><\/div>\n<\/div><\/div>\n\n\n\n<div class=\"wp-block-cover alignfull is-light\" style=\"min-height:634px;aspect-ratio:unset;\"><span aria-hidden=\"true\" class=\"wp-block-cover__background has-nv-site-bg-background-color has-background-dim-100 has-background-dim\"><\/span><div class=\"wp-block-cover__inner-container is-layout-flow wp-block-cover-is-layout-flow\">\n<h2 class=\"wp-block-heading\">Nuestras l\u00edneas de trabajo<\/h2>\n\n\n\n<div class=\"wp-block-columns is-layout-flex wp-container-core-columns-is-layout-9d6595d7 wp-block-columns-is-layout-flex\">\n<div class=\"wp-block-column ticss-4ce656f1 is-layout-flow wp-block-column-is-layout-flow\"><div class=\"wp-block-image is-resized icon-style is-style-default\">\n<figure data-wp-context=\"{&quot;imageId&quot;:&quot;69f581d81e326&quot;}\" data-wp-interactive=\"core\/image\" data-wp-key=\"69f581d81e326\" class=\"aligncenter size-full wp-lightbox-container\"><img loading=\"lazy\" decoding=\"async\" width=\"595\" height=\"527\" data-wp-class--hide=\"state.isContentHidden\" data-wp-class--show=\"state.isContentVisible\" data-wp-init=\"callbacks.setButtonStyles\" data-wp-on--click=\"actions.showLightbox\" data-wp-on--load=\"callbacks.setButtonStyles\" data-wp-on-window--resize=\"callbacks.setButtonStyles\" src=\"https:\/\/carbonesandinos.com\/wp\/wp-content\/uploads\/2025\/02\/Sin-titulo-1_Mesa-de-trabajo-1.png\" alt=\"\" class=\"wp-image-463\" style=\"aspect-ratio:1;object-fit:contain;width:100px\" srcset=\"http:\/\/www.carbonesandinos.com\/wp-content\/uploads\/2025\/02\/Sin-titulo-1_Mesa-de-trabajo-1.png 595w, http:\/\/www.carbonesandinos.com\/wp-content\/uploads\/2025\/02\/Sin-titulo-1_Mesa-de-trabajo-1-300x266.png 300w\" sizes=\"auto, (max-width: 595px) 100vw, 595px\" \/><button\n\t\t\tclass=\"lightbox-trigger\"\n\t\t\ttype=\"button\"\n\t\t\taria-haspopup=\"dialog\"\n\t\t\taria-label=\"Enlarge\"\n\t\t\tdata-wp-init=\"callbacks.initTriggerButton\"\n\t\t\tdata-wp-on--click=\"actions.showLightbox\"\n\t\t\tdata-wp-style--right=\"state.imageButtonRight\"\n\t\t\tdata-wp-style--top=\"state.imageButtonTop\"\n\t\t>\n\t\t\t<svg xmlns=\"http:\/\/www.w3.org\/2000\/svg\" width=\"12\" height=\"12\" fill=\"none\" viewBox=\"0 0 12 12\">\n\t\t\t\t<path fill=\"#fff\" d=\"M2 0a2 2 0 0 0-2 2v2h1.5V2a.5.5 0 0 1 .5-.5h2V0H2Zm2 10.5H2a.5.5 0 0 1-.5-.5V8H0v2a2 2 0 0 0 2 2h2v-1.5ZM8 12v-1.5h2a.5.5 0 0 0 .5-.5V8H12v2a2 2 0 0 1-2 2H8Zm2-12a2 2 0 0 1 2 2v2h-1.5V2a.5.5 0 0 0-.5-.5H8V0h2Z\" \/>\n\t\t\t<\/svg>\n\t\t<\/button><\/figure>\n<\/div>\n\n\n<div style=\"height:24px\" aria-hidden=\"true\" class=\"wp-block-spacer\"><\/div>\n\n\n\n<h3 class=\"wp-block-heading has-text-align-center has-neve-text-color-color has-text-color\">Educaci\u00f3n<\/h3>\n\n\n\n<p class=\"has-text-align-center has-neve-text-color-color has-text-color\" style=\"font-size:15px\">Capacitaci\u00f3n y formaci\u00f3n en diferentes \u00e1reas para el desarrollo personal y profesional<\/p>\n\n\n\n<div style=\"height:20px\" aria-hidden=\"true\" class=\"wp-block-spacer\"><\/div>\n<\/div>\n\n\n\n<div class=\"wp-block-column ticss-f6fc7494 is-layout-flow wp-block-column-is-layout-flow\"><div class=\"wp-block-image is-resized icon-style is-style-rounded\">\n<figure class=\"aligncenter size-full\"><img loading=\"lazy\" decoding=\"async\" width=\"595\" height=\"527\" src=\"https:\/\/carbonesandinos.com\/wp\/wp-content\/uploads\/2025\/02\/Sin-titulo-2_Mesa-de-trabajo-1_Mesa-de-trabajo-1.png\" alt=\"\" class=\"wp-image-464\" style=\"aspect-ratio:1;object-fit:contain;width:100px\" srcset=\"http:\/\/www.carbonesandinos.com\/wp-content\/uploads\/2025\/02\/Sin-titulo-2_Mesa-de-trabajo-1_Mesa-de-trabajo-1.png 595w, http:\/\/www.carbonesandinos.com\/wp-content\/uploads\/2025\/02\/Sin-titulo-2_Mesa-de-trabajo-1_Mesa-de-trabajo-1-300x266.png 300w\" sizes=\"auto, (max-width: 595px) 100vw, 595px\" \/><\/figure>\n<\/div>\n\n\n<div style=\"height:24px\" aria-hidden=\"true\" class=\"wp-block-spacer\"><\/div>\n\n\n\n<h3 class=\"wp-block-heading has-text-align-center has-neve-text-color-color has-text-color\">Desarrollo Local<\/h3>\n\n\n\n<p class=\"has-text-align-center has-neve-text-color-color has-text-color\" style=\"font-size:15px\">Fomento de emprendimientos y fortalecimiento de cadenas productivas que impulsen la econom\u00eda regional.<br>Nuestros Proyectos<\/p>\n\n\n\n<p class=\"has-text-align-center has-neve-text-color-color has-text-color\" style=\"font-size:15px\">.<\/p>\n\n\n\n<p class=\"has-text-align-center has-neve-text-color-color has-text-color\" style=\"font-size:15px\"><\/p>\n<\/div>\n\n\n\n<div class=\"wp-block-column ticss-a5b4df29 is-layout-flow wp-block-column-is-layout-flow\"><div class=\"wp-block-image is-resized icon-style is-style-rounded\">\n<figure class=\"aligncenter size-full\"><img loading=\"lazy\" decoding=\"async\" width=\"595\" height=\"527\" src=\"https:\/\/carbonesandinos.com\/wp\/wp-content\/uploads\/2025\/02\/Sin-titulo-3_Mesa-de-trabajo-1_Mesa-de-trabajo-1_Mesa-de-trabajo-1.png\" alt=\"\" class=\"wp-image-465\" style=\"aspect-ratio:1;object-fit:contain;width:100px\" srcset=\"http:\/\/www.carbonesandinos.com\/wp-content\/uploads\/2025\/02\/Sin-titulo-3_Mesa-de-trabajo-1_Mesa-de-trabajo-1_Mesa-de-trabajo-1.png 595w, http:\/\/www.carbonesandinos.com\/wp-content\/uploads\/2025\/02\/Sin-titulo-3_Mesa-de-trabajo-1_Mesa-de-trabajo-1_Mesa-de-trabajo-1-300x266.png 300w\" sizes=\"auto, (max-width: 595px) 100vw, 595px\" \/><\/figure>\n<\/div>\n\n\n<div style=\"height:24px\" aria-hidden=\"true\" class=\"wp-block-spacer\"><\/div>\n\n\n\n<h3 class=\"wp-block-heading has-text-align-center has-neve-text-color-color has-text-color\">Bienestar social y ambiental<\/h3>\n\n\n\n<p class=\"has-text-align-center has-neve-text-color-color has-text-color\" style=\"font-size:15px\">Proyectos que promueven la equidad, la inclusi\u00f3n y la sostenibilidad.<\/p>\n\n\n\n<div style=\"height:20px\" aria-hidden=\"true\" class=\"wp-block-spacer\"><\/div>\n<\/div>\n<\/div>\n<\/div><\/div>\n\n\n\n<div class=\"wp-block-cover alignfull is-light has-nv-site-bg-color has-text-color has-link-color wp-elements-c1a67e9bd99229bbd55541fed3e854f8\" style=\"min-height:600px;aspect-ratio:unset;\"><span aria-hidden=\"true\" class=\"wp-block-cover__background has-neve-link-hover-color-background-color has-background-dim\"><\/span><div class=\"wp-block-cover__inner-container is-layout-flow wp-block-cover-is-layout-flow\">\n<div style=\"height:82px\" aria-hidden=\"true\" class=\"wp-block-spacer\"><\/div>\n\n\n\n<div class=\"wp-block-group\"><div class=\"wp-block-group__inner-container is-layout-flow wp-block-group-is-layout-flow\">\n<h2 class=\"wp-block-heading\">SAMACATEX<\/h2>\n\n\n\n<div style=\"height:40px\" aria-hidden=\"true\" class=\"wp-block-spacer\"><\/div>\n<\/div><\/div>\n\n\n<div class=\"wp-block-image\">\n<figure class=\"aligncenter size-full is-resized\"><img loading=\"lazy\" decoding=\"async\" width=\"2560\" height=\"1707\" src=\"https:\/\/carbonesandinos.com\/wp\/wp-content\/uploads\/2025\/02\/DSC09093-scaled.jpg\" alt=\"\" class=\"wp-image-468\" style=\"width:1015px;height:auto\" srcset=\"http:\/\/www.carbonesandinos.com\/wp-content\/uploads\/2025\/02\/DSC09093-scaled.jpg 2560w, http:\/\/www.carbonesandinos.com\/wp-content\/uploads\/2025\/02\/DSC09093-300x200.jpg 300w, http:\/\/www.carbonesandinos.com\/wp-content\/uploads\/2025\/02\/DSC09093-1024x683.jpg 1024w, http:\/\/www.carbonesandinos.com\/wp-content\/uploads\/2025\/02\/DSC09093-768x512.jpg 768w, http:\/\/www.carbonesandinos.com\/wp-content\/uploads\/2025\/02\/DSC09093-1536x1024.jpg 1536w, http:\/\/www.carbonesandinos.com\/wp-content\/uploads\/2025\/02\/DSC09093-2048x1365.jpg 2048w, http:\/\/www.carbonesandinos.com\/wp-content\/uploads\/2025\/02\/DSC09093-930x620.jpg 930w\" sizes=\"auto, (max-width: 2560px) 100vw, 2560px\" \/><\/figure>\n<\/div>\n\n\n<div style=\"height:44px\" aria-hidden=\"true\" class=\"wp-block-spacer\"><\/div>\n\n\n\n<p class=\"has-text-align-center has-nv-site-bg-color has-text-color has-link-color wp-elements-4a49708abfa27c71b9c84232d28f9133\"><em>Un espacio donde m\u00e1s de 900 mujeres han encontrado formaci\u00f3n, empleo y autonom\u00eda a trav\u00e9s de la confecci\u00f3n.<\/em><\/p>\n\n\n\n<ul class=\"wp-block-social-links has-icon-color is-content-justification-center is-layout-flex wp-container-core-social-links-is-layout-16018d1d wp-block-social-links-is-layout-flex\"><li style=\"color:var(--nv-site-bg);\" class=\"wp-social-link wp-social-link-facebook has-nv-site-bg-color wp-block-social-link\"><a href=\"https:\/\/www.facebook.com\/CorazonAndinoFundacion\" class=\"wp-block-social-link-anchor\"><svg width=\"24\" height=\"24\" viewBox=\"0 0 24 24\" version=\"1.1\" xmlns=\"http:\/\/www.w3.org\/2000\/svg\" aria-hidden=\"true\" focusable=\"false\"><path d=\"M12 2C6.5 2 2 6.5 2 12c0 5 3.7 9.1 8.4 9.9v-7H7.9V12h2.5V9.8c0-2.5 1.5-3.9 3.8-3.9 1.1 0 2.2.2 2.2.2v2.5h-1.3c-1.2 0-1.6.8-1.6 1.6V12h2.8l-.4 2.9h-2.3v7C18.3 21.1 22 17 22 12c0-5.5-4.5-10-10-10z\"><\/path><\/svg><span class=\"wp-block-social-link-label screen-reader-text\">Facebook<\/span><\/a><\/li>\n\n<li style=\"color:var(--nv-site-bg);\" class=\"wp-social-link wp-social-link-instagram has-nv-site-bg-color wp-block-social-link\"><a href=\"https:\/\/www.instagram.com\/fundacioncorazonandino\/\" class=\"wp-block-social-link-anchor\"><svg width=\"24\" height=\"24\" viewBox=\"0 0 24 24\" version=\"1.1\" xmlns=\"http:\/\/www.w3.org\/2000\/svg\" aria-hidden=\"true\" focusable=\"false\"><path d=\"M12,4.622c2.403,0,2.688,0.009,3.637,0.052c0.877,0.04,1.354,0.187,1.671,0.31c0.42,0.163,0.72,0.358,1.035,0.673 c0.315,0.315,0.51,0.615,0.673,1.035c0.123,0.317,0.27,0.794,0.31,1.671c0.043,0.949,0.052,1.234,0.052,3.637 s-0.009,2.688-0.052,3.637c-0.04,0.877-0.187,1.354-0.31,1.671c-0.163,0.42-0.358,0.72-0.673,1.035 c-0.315,0.315-0.615,0.51-1.035,0.673c-0.317,0.123-0.794,0.27-1.671,0.31c-0.949,0.043-1.233,0.052-3.637,0.052 s-2.688-0.009-3.637-0.052c-0.877-0.04-1.354-0.187-1.671-0.31c-0.42-0.163-0.72-0.358-1.035-0.673 c-0.315-0.315-0.51-0.615-0.673-1.035c-0.123-0.317-0.27-0.794-0.31-1.671C4.631,14.688,4.622,14.403,4.622,12 s0.009-2.688,0.052-3.637c0.04-0.877,0.187-1.354,0.31-1.671c0.163-0.42,0.358-0.72,0.673-1.035 c0.315-0.315,0.615-0.51,1.035-0.673c0.317-0.123,0.794-0.27,1.671-0.31C9.312,4.631,9.597,4.622,12,4.622 M12,3 C9.556,3,9.249,3.01,8.289,3.054C7.331,3.098,6.677,3.25,6.105,3.472C5.513,3.702,5.011,4.01,4.511,4.511 c-0.5,0.5-0.808,1.002-1.038,1.594C3.25,6.677,3.098,7.331,3.054,8.289C3.01,9.249,3,9.556,3,12c0,2.444,0.01,2.751,0.054,3.711 c0.044,0.958,0.196,1.612,0.418,2.185c0.23,0.592,0.538,1.094,1.038,1.594c0.5,0.5,1.002,0.808,1.594,1.038 c0.572,0.222,1.227,0.375,2.185,0.418C9.249,20.99,9.556,21,12,21s2.751-0.01,3.711-0.054c0.958-0.044,1.612-0.196,2.185-0.418 c0.592-0.23,1.094-0.538,1.594-1.038c0.5-0.5,0.808-1.002,1.038-1.594c0.222-0.572,0.375-1.227,0.418-2.185 C20.99,14.751,21,14.444,21,12s-0.01-2.751-0.054-3.711c-0.044-0.958-0.196-1.612-0.418-2.185c-0.23-0.592-0.538-1.094-1.038-1.594 c-0.5-0.5-1.002-0.808-1.594-1.038c-0.572-0.222-1.227-0.375-2.185-0.418C14.751,3.01,14.444,3,12,3L12,3z M12,7.378 c-2.552,0-4.622,2.069-4.622,4.622S9.448,16.622,12,16.622s4.622-2.069,4.622-4.622S14.552,7.378,12,7.378z M12,15 c-1.657,0-3-1.343-3-3s1.343-3,3-3s3,1.343,3,3S13.657,15,12,15z M16.804,6.116c-0.596,0-1.08,0.484-1.08,1.08 s0.484,1.08,1.08,1.08c0.596,0,1.08-0.484,1.08-1.08S17.401,6.116,16.804,6.116z\"><\/path><\/svg><span class=\"wp-block-social-link-label screen-reader-text\">Instagram<\/span><\/a><\/li><\/ul>\n\n\n<div class=\"wp-block-image\">\n<figure class=\"aligncenter size-large is-resized\"><img loading=\"lazy\" decoding=\"async\" width=\"1024\" height=\"1013\" src=\"https:\/\/carbonesandinos.com\/wp\/wp-content\/uploads\/2025\/02\/corazon-04-1024x1013.png\" alt=\"\" class=\"wp-image-484\" style=\"object-fit:cover;width:100px;height:100px\" srcset=\"http:\/\/www.carbonesandinos.com\/wp-content\/uploads\/2025\/02\/corazon-04-1024x1013.png 1024w, http:\/\/www.carbonesandinos.com\/wp-content\/uploads\/2025\/02\/corazon-04-300x297.png 300w, http:\/\/www.carbonesandinos.com\/wp-content\/uploads\/2025\/02\/corazon-04-768x760.png 768w, http:\/\/www.carbonesandinos.com\/wp-content\/uploads\/2025\/02\/corazon-04-1536x1520.png 1536w, http:\/\/www.carbonesandinos.com\/wp-content\/uploads\/2025\/02\/corazon-04-2048x2027.png 2048w\" sizes=\"auto, (max-width: 1024px) 100vw, 1024px\" \/><\/figure>\n<\/div>\n\n\n<div style=\"height:28px\" aria-hidden=\"true\" class=\"wp-block-spacer\"><\/div>\n<\/div><\/div>\n\n\n\n<p class=\"has-text-align-center\">Gracias al apoyo y las donaciones de Carbones Andinos SAS, seguimos generando oportunidades que transforman vidas. Creemos en el poder del trabajo conjunto para construir comunidades m\u00e1s fuertes y sostenibles.<br>\ud83c\udf31 Trabajamos con y para la comunidad, sembrando hoy las oportunidades&nbsp;del&nbsp;ma\u00f1ana.<\/p>\n\n\n\n<p><\/p>\n","protected":false},"excerpt":{"rendered":"<p>Gracias al apoyo y las donaciones de Carbones Andinos SAS, seguimos generando oportunidades que transforman vidas. Creemos en el poder del trabajo conjunto para construir comunidades m\u00e1s fuertes y sostenibles.\ud83c\udf31 Trabajamos con y para la comunidad, sembrando hoy las oportunidades&nbsp;del&nbsp;ma\u00f1ana.<\/p>\n","protected":false},"author":1,"featured_media":0,"parent":0,"menu_order":0,"comment_status":"closed","ping_status":"closed","template":"","meta":{"neve_meta_sidebar":"","neve_meta_container":"","neve_meta_enable_content_width":"on","neve_meta_content_width":100,"neve_meta_title_alignment":"","neve_meta_author_avatar":"","neve_post_elements_order":"","neve_meta_disable_header":"","neve_meta_disable_footer":"","neve_meta_disable_title":"on","footnotes":""},"class_list":["post-457","page","type-page","status-publish","hentry"],"_links":{"self":[{"href":"http:\/\/www.carbonesandinos.com\/index.php?rest_route=\/wp\/v2\/pages\/457","targetHints":{"allow":["GET"]}}],"collection":[{"href":"http:\/\/www.carbonesandinos.com\/index.php?rest_route=\/wp\/v2\/pages"}],"about":[{"href":"http:\/\/www.carbonesandinos.com\/index.php?rest_route=\/wp\/v2\/types\/page"}],"author":[{"embeddable":true,"href":"http:\/\/www.carbonesandinos.com\/index.php?rest_route=\/wp\/v2\/users\/1"}],"replies":[{"embeddable":true,"href":"http:\/\/www.carbonesandinos.com\/index.php?rest_route=%2Fwp%2Fv2%2Fcomments&post=457"}],"version-history":[{"count":14,"href":"http:\/\/www.carbonesandinos.com\/index.php?rest_route=\/wp\/v2\/pages\/457\/revisions"}],"predecessor-version":[{"id":514,"href":"http:\/\/www.carbonesandinos.com\/index.php?rest_route=\/wp\/v2\/pages\/457\/revisions\/514"}],"wp:attachment":[{"href":"http:\/\/www.carbonesandinos.com\/index.php?rest_route=%2Fwp%2Fv2%2Fmedia&parent=457"}],"curies":[{"name":"wp","href":"https:\/\/api.w.org\/{rel}","templated":true}]}}