{"id":320,"date":"2025-01-15T17:40:25","date_gmt":"2025-01-15T17:40:25","guid":{"rendered":"https:\/\/carbonesandinos.com\/wp\/?page_id=320"},"modified":"2025-02-03T15:50:27","modified_gmt":"2025-02-03T15:50:27","slug":"trabaja-con-nosotros","status":"publish","type":"page","link":"http:\/\/www.carbonesandinos.com\/?page_id=320","title":{"rendered":"Trabaja con nosotros"},"content":{"rendered":"\n<div class=\"wp-block-cover alignfull is-light\" style=\"min-height:300px;aspect-ratio:unset;\"><span aria-hidden=\"true\" class=\"wp-block-cover__background has-nv-site-bg-background-color has-background-dim-100 has-background-dim\"><\/span><div class=\"wp-block-cover__inner-container is-layout-flow wp-block-cover-is-layout-flow\">\n<div class=\"wp-block-group\"><div class=\"wp-block-group__inner-container is-layout-flow wp-block-group-is-layout-flow\">\n<h1 class=\"wp-block-heading has-text-align-left has-neve-text-color-color has-text-color\">Vacantes<\/h1>\n\n\n\n<p><\/p>\n\n\n\n<figure class=\"wp-block-image size-full is-resized\"><img loading=\"lazy\" decoding=\"async\" width=\"800\" height=\"300\" src=\"https:\/\/carbonesandinos.com\/wp\/wp-content\/uploads\/2025\/01\/portada-trabaja.png\" alt=\"\" class=\"wp-image-366\" style=\"width:1168px;height:auto\" srcset=\"http:\/\/www.carbonesandinos.com\/wp-content\/uploads\/2025\/01\/portada-trabaja.png 800w, http:\/\/www.carbonesandinos.com\/wp-content\/uploads\/2025\/01\/portada-trabaja-300x113.png 300w, http:\/\/www.carbonesandinos.com\/wp-content\/uploads\/2025\/01\/portada-trabaja-768x288.png 768w\" sizes=\"auto, (max-width: 800px) 100vw, 800px\" \/><\/figure>\n\n\n\n<p><\/p>\n<\/div><\/div>\n<\/div><\/div>\n\n\n\n<div class=\"wp-block-columns alignwide is-layout-flex wp-container-core-columns-is-layout-9d6595d7 wp-block-columns-is-layout-flex\">\n<div class=\"wp-block-column is-layout-flow wp-block-column-is-layout-flow\">\n<h2 class=\"wp-block-heading\">Trabaja con nosotros<\/h2>\n\n\n\n<p>Busca la vacante y aplica a una de tu inter\u00e9s mediante la aplicaci\u00f3n de <strong>Pandap\u00e9<\/strong>. Si no te funciona ingresa por el este <a href=\"https:\/\/carbones-andinos.pandape.computrabajo.com\/Vacancy\/Vacancies?fbclid=IwY2xjawE93E9leHRuA2FlbQIxMAABHePSc7m820ecXUab_fX15t4oXb3d5XwRn36wLoX6QLU7EHpXviDx-JC_tQ_aem_voW6_pP29T85rJU2blGlew\" data-type=\"link\" data-id=\"https:\/\/carbones-andinos.pandape.computrabajo.com\/Vacancy\/Vacancies?fbclid=IwY2xjawE93E9leHRuA2FlbQIxMAABHePSc7m820ecXUab_fX15t4oXb3d5XwRn36wLoX6QLU7EHpXviDx-JC_tQ_aem_voW6_pP29T85rJU2blGlew\">link<\/a><\/p>\n\n\n\n<iframe loading=\"lazy\" src=\"https:\/\/carbones-andinos.pandape.computrabajo.com\/\" width=\"1000\" height=\"700\"><div align='center'><\/iframe>\n<\/div>\n<\/div>\n","protected":false},"excerpt":{"rendered":"<p>Trabaja con nosotros Busca la vacante y aplica a una de tu inter\u00e9s mediante la aplicaci\u00f3n de Pandap\u00e9. Si no te funciona ingresa por el este link<\/p>\n","protected":false},"author":1,"featured_media":0,"parent":0,"menu_order":0,"comment_status":"closed","ping_status":"closed","template":"","meta":{"neve_meta_sidebar":"","neve_meta_container":"default","neve_meta_enable_content_width":"on","neve_meta_content_width":100,"neve_meta_title_alignment":"center","neve_meta_author_avatar":"","neve_post_elements_order":"","neve_meta_disable_header":"","neve_meta_disable_footer":"","neve_meta_disable_title":"on","footnotes":""},"class_list":["post-320","page","type-page","status-publish","hentry"],"_links":{"self":[{"href":"http:\/\/www.carbonesandinos.com\/index.php?rest_route=\/wp\/v2\/pages\/320","targetHints":{"allow":["GET"]}}],"collection":[{"href":"http:\/\/www.carbonesandinos.com\/index.php?rest_route=\/wp\/v2\/pages"}],"about":[{"href":"http:\/\/www.carbonesandinos.com\/index.php?rest_route=\/wp\/v2\/types\/page"}],"author":[{"embeddable":true,"href":"http:\/\/www.carbonesandinos.com\/index.php?rest_route=\/wp\/v2\/users\/1"}],"replies":[{"embeddable":true,"href":"http:\/\/www.carbonesandinos.com\/index.php?rest_route=%2Fwp%2Fv2%2Fcomments&post=320"}],"version-history":[{"count":5,"href":"http:\/\/www.carbonesandinos.com\/index.php?rest_route=\/wp\/v2\/pages\/320\/revisions"}],"predecessor-version":[{"id":499,"href":"http:\/\/www.carbonesandinos.com\/index.php?rest_route=\/wp\/v2\/pages\/320\/revisions\/499"}],"wp:attachment":[{"href":"http:\/\/www.carbonesandinos.com\/index.php?rest_route=%2Fwp%2Fv2%2Fmedia&parent=320"}],"curies":[{"name":"wp","href":"https:\/\/api.w.org\/{rel}","templated":true}]}}