{"id":3,"date":"2024-02-27T15:15:53","date_gmt":"2024-02-27T15:15:53","guid":{"rendered":"https:\/\/carbonesandinos.com\/wp\/?page_id=3"},"modified":"2025-08-11T14:55:13","modified_gmt":"2025-08-11T14:55:13","slug":"privacy-policy","status":"publish","type":"page","link":"http:\/\/www.carbonesandinos.com\/?page_id=3","title":{"rendered":"L\u00ednea \u00c9tica"},"content":{"rendered":"\n<p><\/p>\n\n\n\n<figure class=\"wp-block-image size-large is-resized\"><img loading=\"lazy\" decoding=\"async\" width=\"1024\" height=\"323\" src=\"https:\/\/carbonesandinos.com\/wp\/wp-content\/uploads\/2025\/01\/RET_7422-1-1-1024x323.jpg\" alt=\"\" class=\"wp-image-330\" style=\"width:1168px;height:auto\" srcset=\"http:\/\/www.carbonesandinos.com\/wp-content\/uploads\/2025\/01\/RET_7422-1-1-1024x323.jpg 1024w, http:\/\/www.carbonesandinos.com\/wp-content\/uploads\/2025\/01\/RET_7422-1-1-300x95.jpg 300w, http:\/\/www.carbonesandinos.com\/wp-content\/uploads\/2025\/01\/RET_7422-1-1-768x242.jpg 768w, http:\/\/www.carbonesandinos.com\/wp-content\/uploads\/2025\/01\/RET_7422-1-1-1536x484.jpg 1536w, http:\/\/www.carbonesandinos.com\/wp-content\/uploads\/2025\/01\/RET_7422-1-1-2048x645.jpg 2048w\" sizes=\"auto, (max-width: 1024px) 100vw, 1024px\" \/><\/figure>\n\n\n\n<p><\/p>\n\n\n\n<p><strong>Carbones Andinos<\/strong>, pone a disposici\u00f3n de sus funcionarios, proveedores, clientes, accionistas y dem\u00e1s grupos de inter\u00e9s esta&nbsp;<strong>L\u00ednea de \u00c9tica<\/strong>; la cual busca promover la transparencia y \u00e9tica empresarial para prevenir actos de corrupci\u00f3n y soborno; es decir, cualquier comportamiento que vaya en detrimento de nuestra cultura de buenas pr\u00e1cticas corporativas.&nbsp;<\/p>\n\n\n\n<p>Si usted tiene conocimiento de alg\u00fan caso o evento relacionado con<strong>&nbsp;fraude, malas pr\u00e1cticas, corrupci\u00f3n, lavado de activos y\/o cualquier otra situaci\u00f3n irregular&nbsp;<\/strong>dentro de nuestra empresa, lo invitamos a informar el caso a trav\u00e9s de este espacio en el cual conservaremos el anonimato.&nbsp;<\/p>\n\n\n\n<p>Todo el&nbsp;<strong>proceso se mantiene bajo el principio de confidencialidad<\/strong>, garantizando absoluta reserva del denunciante. Tenga en cuenta que por este medio puede aportar todo el material probatorio que facilite la investigaci\u00f3n de su denuncia.&nbsp;<\/p>\n\n\n\n<p>Tambi\u00e9n puede reportar hechos relacionados con corrupci\u00f3n o alguna otra situaci\u00f3n irregular a trav\u00e9s de nuestro correo electr\u00f3nico&nbsp;<strong>etica@carbonesandinos.com&nbsp;<\/strong>o por medio de nuestra l\u00ednea<strong>&nbsp;3213507339<\/strong>.&nbsp;<\/p>\n\n\n\n<div class=\"wp-block-columns is-layout-flex wp-container-core-columns-is-layout-9d6595d7 wp-block-columns-is-layout-flex\">\n<div class=\"wp-block-column is-layout-flow wp-block-column-is-layout-flow\"><div class=\"wp-block-image\">\n<figure class=\"aligncenter size-full is-resized\"><img loading=\"lazy\" decoding=\"async\" width=\"800\" height=\"800\" src=\"https:\/\/carbonesandinos.com\/wp\/wp-content\/uploads\/2024\/02\/Codigo-QR-para-FORMATO-LINEA-DE-ETICA.png\" alt=\"\" class=\"wp-image-228\" style=\"width:281px;height:auto\" srcset=\"http:\/\/www.carbonesandinos.com\/wp-content\/uploads\/2024\/02\/Codigo-QR-para-FORMATO-LINEA-DE-ETICA.png 800w, http:\/\/www.carbonesandinos.com\/wp-content\/uploads\/2024\/02\/Codigo-QR-para-FORMATO-LINEA-DE-ETICA-300x300.png 300w, http:\/\/www.carbonesandinos.com\/wp-content\/uploads\/2024\/02\/Codigo-QR-para-FORMATO-LINEA-DE-ETICA-150x150.png 150w, http:\/\/www.carbonesandinos.com\/wp-content\/uploads\/2024\/02\/Codigo-QR-para-FORMATO-LINEA-DE-ETICA-768x768.png 768w\" sizes=\"auto, (max-width: 800px) 100vw, 800px\" \/><\/figure>\n<\/div>\n\n\n<p class=\"has-text-align-center\">Escanea nuestro c\u00f3digo QR para diligenciar el formulario.<\/p>\n<\/div>\n\n\n\n<div class=\"wp-block-column is-layout-flow wp-block-column-is-layout-flow\"><div class=\"wp-block-image\">\n<figure class=\"aligncenter size-large is-resized\"><a href=\"https:\/\/wa.me\/+573102272409\"><img loading=\"lazy\" decoding=\"async\" width=\"1024\" height=\"442\" src=\"https:\/\/carbonesandinos.com\/wp\/wp-content\/uploads\/2024\/02\/boton-02-1024x442.png\" alt=\"\" class=\"wp-image-229\" style=\"width:300px\" srcset=\"http:\/\/www.carbonesandinos.com\/wp-content\/uploads\/2024\/02\/boton-02-1024x442.png 1024w, http:\/\/www.carbonesandinos.com\/wp-content\/uploads\/2024\/02\/boton-02-300x129.png 300w, http:\/\/www.carbonesandinos.com\/wp-content\/uploads\/2024\/02\/boton-02-768x331.png 768w, http:\/\/www.carbonesandinos.com\/wp-content\/uploads\/2024\/02\/boton-02-1536x663.png 1536w, http:\/\/www.carbonesandinos.com\/wp-content\/uploads\/2024\/02\/boton-02.png 1543w\" sizes=\"auto, (max-width: 1024px) 100vw, 1024px\" \/><\/a><\/figure>\n<\/div>\n\n<div class=\"wp-block-image\">\n<figure class=\"aligncenter size-large is-resized\"><a href=\"https:\/\/forms.office.com\/Pages\/ResponsePage.aspx?id=pKpj3_MAyUGMnD9TlQS9QfZk3tJxxYBIlQ2-f_Fee4JURUpQU1ROOFdXTTJETUMzUDRUWVRQTzVKTC4u\"><img loading=\"lazy\" decoding=\"async\" width=\"1024\" height=\"442\" src=\"https:\/\/carbonesandinos.com\/wp\/wp-content\/uploads\/2024\/02\/boton-03-1024x442.png\" alt=\"\" class=\"wp-image-230\" style=\"width:300px\" srcset=\"http:\/\/www.carbonesandinos.com\/wp-content\/uploads\/2024\/02\/boton-03-1024x442.png 1024w, http:\/\/www.carbonesandinos.com\/wp-content\/uploads\/2024\/02\/boton-03-300x129.png 300w, http:\/\/www.carbonesandinos.com\/wp-content\/uploads\/2024\/02\/boton-03-768x331.png 768w, http:\/\/www.carbonesandinos.com\/wp-content\/uploads\/2024\/02\/boton-03-1536x663.png 1536w, http:\/\/www.carbonesandinos.com\/wp-content\/uploads\/2024\/02\/boton-03.png 1543w\" sizes=\"auto, (max-width: 1024px) 100vw, 1024px\" \/><\/a><\/figure>\n<\/div><\/div>\n<\/div>\n","protected":false},"excerpt":{"rendered":"<p>Carbones Andinos, pone a disposici\u00f3n de sus funcionarios, proveedores, clientes, accionistas y dem\u00e1s grupos de inter\u00e9s esta&nbsp;L\u00ednea de \u00c9tica; la cual busca promover la transparencia y \u00e9tica empresarial para prevenir actos de corrupci\u00f3n y soborno; es decir, cualquier comportamiento que vaya en detrimento de nuestra cultura de buenas pr\u00e1cticas corporativas.&nbsp; Si usted tiene conocimiento de&hellip;&nbsp;<a href=\"http:\/\/www.carbonesandinos.com\/?page_id=3\" rel=\"bookmark\">Read More &raquo;<span class=\"screen-reader-text\">L\u00ednea \u00c9tica<\/span><\/a><\/p>\n","protected":false},"author":1,"featured_media":0,"parent":0,"menu_order":0,"comment_status":"closed","ping_status":"open","template":"","meta":{"neve_meta_sidebar":"","neve_meta_container":"","neve_meta_enable_content_width":"","neve_meta_content_width":0,"neve_meta_title_alignment":"","neve_meta_author_avatar":"","neve_post_elements_order":"","neve_meta_disable_header":"","neve_meta_disable_footer":"","neve_meta_disable_title":"","footnotes":""},"class_list":["post-3","page","type-page","status-publish","hentry"],"_links":{"self":[{"href":"http:\/\/www.carbonesandinos.com\/index.php?rest_route=\/wp\/v2\/pages\/3","targetHints":{"allow":["GET"]}}],"collection":[{"href":"http:\/\/www.carbonesandinos.com\/index.php?rest_route=\/wp\/v2\/pages"}],"about":[{"href":"http:\/\/www.carbonesandinos.com\/index.php?rest_route=\/wp\/v2\/types\/page"}],"author":[{"embeddable":true,"href":"http:\/\/www.carbonesandinos.com\/index.php?rest_route=\/wp\/v2\/users\/1"}],"replies":[{"embeddable":true,"href":"http:\/\/www.carbonesandinos.com\/index.php?rest_route=%2Fwp%2Fv2%2Fcomments&post=3"}],"version-history":[{"count":15,"href":"http:\/\/www.carbonesandinos.com\/index.php?rest_route=\/wp\/v2\/pages\/3\/revisions"}],"predecessor-version":[{"id":551,"href":"http:\/\/www.carbonesandinos.com\/index.php?rest_route=\/wp\/v2\/pages\/3\/revisions\/551"}],"wp:attachment":[{"href":"http:\/\/www.carbonesandinos.com\/index.php?rest_route=%2Fwp%2Fv2%2Fmedia&parent=3"}],"curies":[{"name":"wp","href":"https:\/\/api.w.org\/{rel}","templated":true}]}}