{"id":211,"date":"2024-02-27T15:15:53","date_gmt":"2024-02-27T15:15:53","guid":{"rendered":"https:\/\/carbonesandinos.com\/wp\/?page_id=211"},"modified":"2025-02-12T13:00:09","modified_gmt":"2025-02-12T13:00:09","slug":"politica-de-calidad","status":"publish","type":"page","link":"http:\/\/www.carbonesandinos.com\/?page_id=211","title":{"rendered":"Pol\u00edtica de Calidad"},"content":{"rendered":"\n<div class=\"wp-block-cover alignfull is-light\" style=\"min-height:320px;aspect-ratio:unset;\"><span aria-hidden=\"true\" class=\"wp-block-cover__background has-nv-site-bg-background-color has-background-dim-100 has-background-dim\"><\/span><div class=\"wp-block-cover__inner-container is-layout-flow wp-block-cover-is-layout-flow\">\n<div class=\"wp-block-group\"><div class=\"wp-block-group__inner-container is-layout-flow wp-block-group-is-layout-flow\">\n<div class=\"wp-block-columns are-vertically-aligned-center is-layout-flex wp-container-core-columns-is-layout-9d6595d7 wp-block-columns-is-layout-flex\">\n<div class=\"wp-block-column is-vertically-aligned-center is-layout-flow wp-block-column-is-layout-flow\" style=\"flex-basis:70%\">\n<h1 class=\"wp-block-heading has-text-align-left has-neve-text-color-color has-text-color\">Sistema de Gesti\u00f3n de Calidad (SGC)<\/h1>\n\n\n\n<div style=\"height:63px\" aria-hidden=\"true\" class=\"wp-block-spacer\"><\/div>\n\n\n\n<h3 class=\"wp-block-heading\" id=\"\u00bfqu\u00e9-es\">\u00bfQu\u00e9 es?<a href=\"https:\/\/carandinos.sharepoint.com\/:u:\/r\/SitePages\/Todo-lo-que-debes-saber-del-Sistema-de-Gesti%C3%B3n-de-Calidad.aspx?csf=1&amp;web=1&amp;share=ESoDEhwuwvRAi0sk-C1-Ku0Bf6hSkPZxzPvfzhtVlFe-dg&amp;e=B1FsO3#%C2%BFqu%C3%A9-es\"><\/a><\/h3>\n\n\n\n<p style=\"font-size:18px\">Es la herramienta que le permite a&nbsp;<strong>Carbones Andinos gestionar los procesos y recursos<\/strong>&nbsp;necesarios, de la mano de sus trabajadores, para l<strong>ograr el cumplimiento de sus metas<\/strong>.<\/p>\n\n\n\n<h3 class=\"wp-block-heading\" id=\"\u00bfpara-qu\u00e9-sirve\">\u00bfPara qu\u00e9 sirve?<a href=\"https:\/\/carandinos.sharepoint.com\/:u:\/r\/SitePages\/Todo-lo-que-debes-saber-del-Sistema-de-Gesti%C3%B3n-de-Calidad.aspx?csf=1&amp;web=1&amp;share=ESoDEhwuwvRAi0sk-C1-Ku0Bf6hSkPZxzPvfzhtVlFe-dg&amp;e=B1FsO3#%C2%BFpara-qu%C3%A9-sirve\"><\/a><\/h3>\n\n\n\n<p style=\"font-size:18px\">Para permitir la<strong>&nbsp;mejora continua<\/strong>&nbsp;de Carbones Andinos y la satisfacci\u00f3n de las&nbsp;<strong>necesidades y expectativas de nuestros clientes<\/strong><strong>.<\/strong><\/p>\n<\/div>\n\n\n\n<div class=\"wp-block-column is-vertically-aligned-center is-layout-flow wp-block-column-is-layout-flow\" style=\"flex-basis:30%\">\n<div style=\"height:242px\" aria-hidden=\"true\" class=\"wp-block-spacer\"><\/div>\n\n\n<div class=\"wp-block-image\">\n<figure class=\"aligncenter size-full\"><img loading=\"lazy\" decoding=\"async\" width=\"806\" height=\"446\" src=\"https:\/\/carbonesandinos.com\/wp\/wp-content\/uploads\/2025\/01\/diseno-carbones.png\" alt=\"\" class=\"wp-image-427\" srcset=\"http:\/\/www.carbonesandinos.com\/wp-content\/uploads\/2025\/01\/diseno-carbones.png 806w, http:\/\/www.carbonesandinos.com\/wp-content\/uploads\/2025\/01\/diseno-carbones-300x166.png 300w, http:\/\/www.carbonesandinos.com\/wp-content\/uploads\/2025\/01\/diseno-carbones-768x425.png 768w\" sizes=\"auto, (max-width: 806px) 100vw, 806px\" \/><\/figure>\n<\/div><\/div>\n<\/div>\n<\/div><\/div>\n<\/div><\/div>\n\n\n\n<div class=\"wp-block-cover alignfull is-light\" style=\"min-height:600px;aspect-ratio:unset;\"><span aria-hidden=\"true\" class=\"wp-block-cover__background has-nv-light-bg-background-color has-background-dim-100 has-background-dim\"><\/span><div class=\"wp-block-cover__inner-container is-layout-flow wp-block-cover-is-layout-flow\">\n<div class=\"wp-block-group\"><div class=\"wp-block-group__inner-container is-layout-flow wp-block-group-is-layout-flow\">\n<div style=\"height:80px\" aria-hidden=\"true\" class=\"wp-block-spacer\"><\/div>\n\n\n\n<div class=\"wp-block-columns is-layout-flex wp-container-core-columns-is-layout-9d6595d7 wp-block-columns-is-layout-flex\">\n<div class=\"wp-block-column is-layout-flow wp-block-column-is-layout-flow\" style=\"flex-basis:66.79%\"><div class=\"wp-block-image\">\n<figure class=\"aligncenter size-full is-resized\"><img loading=\"lazy\" decoding=\"async\" width=\"937\" height=\"960\" src=\"https:\/\/carbonesandinos.com\/wp\/wp-content\/uploads\/2024\/02\/c06431e4-cf7d-4e20-8f6c-105ba0c8fe6f.png\" alt=\"Pol\u00edtica de Calidad de Carbones Andinos\" class=\"wp-image-194\" style=\"width:480px;height:auto\" srcset=\"http:\/\/www.carbonesandinos.com\/wp-content\/uploads\/2024\/02\/c06431e4-cf7d-4e20-8f6c-105ba0c8fe6f.png 937w, http:\/\/www.carbonesandinos.com\/wp-content\/uploads\/2024\/02\/c06431e4-cf7d-4e20-8f6c-105ba0c8fe6f-293x300.png 293w, http:\/\/www.carbonesandinos.com\/wp-content\/uploads\/2024\/02\/c06431e4-cf7d-4e20-8f6c-105ba0c8fe6f-768x787.png 768w\" sizes=\"auto, (max-width: 937px) 100vw, 937px\" \/><\/figure>\n<\/div>\n\n\n<div style=\"height:40px\" aria-hidden=\"true\" class=\"wp-block-spacer\"><\/div>\n<\/div>\n\n\n\n<div class=\"wp-block-column is-layout-flow wp-block-column-is-layout-flow\" style=\"flex-basis:34%\">\n<h3 class=\"wp-block-heading\" id=\"pol\u00edtica-de-calidad\">Pol\u00edtica de Calidad<\/h3>\n\n\n\n<p><strong>Carbones Andinos S.A.S<\/strong>&nbsp;existe con el fin de<strong>&nbsp;generar la chispa para la construcci\u00f3n de la vida moderna&nbsp;<\/strong>mediante los procesos de&nbsp;<strong>miner\u00eda, beneficio, coquizaci\u00f3n y comercializaci\u00f3n<\/strong>de coques metal\u00fargicos, que la hace una de las organizaciones m\u00e1s importantes del sector minero en Colombia.&nbsp;<\/p>\n\n\n\n<p>Est\u00e1\u202fcomprometida con la&nbsp;<strong><u>mejora continua<\/u><\/strong>&nbsp;del Sistema de Gesti\u00f3n de Calidad (SGC), con el cumplimiento de los requisitos aplicables a la compa\u00f1\u00eda, y con la b\u00fasqueda de la excelencia, la competitividad y el incremento de la&nbsp;<strong><u>satisfacci\u00f3n del cliente.<\/u><\/strong><\/p>\n\n\n\n<div class=\"wp-block-buttons is-layout-flex wp-block-buttons-is-layout-flex\"><\/div>\n<\/div>\n<\/div>\n\n\n\n<h3 class=\"wp-block-heading has-text-align-center\">Objetivos de Calidad<\/h3>\n\n\n<div class=\"wp-block-image\">\n<figure class=\"aligncenter size-large\"><img loading=\"lazy\" decoding=\"async\" width=\"1024\" height=\"364\" src=\"https:\/\/carbonesandinos.com\/wp\/wp-content\/uploads\/2024\/02\/a07d2578-69c7-4ed9-ae13-16848d53e375-1024x364.png\" alt=\"\" class=\"wp-image-200\" srcset=\"http:\/\/www.carbonesandinos.com\/wp-content\/uploads\/2024\/02\/a07d2578-69c7-4ed9-ae13-16848d53e375-1024x364.png 1024w, http:\/\/www.carbonesandinos.com\/wp-content\/uploads\/2024\/02\/a07d2578-69c7-4ed9-ae13-16848d53e375-300x107.png 300w, http:\/\/www.carbonesandinos.com\/wp-content\/uploads\/2024\/02\/a07d2578-69c7-4ed9-ae13-16848d53e375-768x273.png 768w, http:\/\/www.carbonesandinos.com\/wp-content\/uploads\/2024\/02\/a07d2578-69c7-4ed9-ae13-16848d53e375-1536x546.png 1536w, http:\/\/www.carbonesandinos.com\/wp-content\/uploads\/2024\/02\/a07d2578-69c7-4ed9-ae13-16848d53e375-2048x728.png 2048w\" sizes=\"auto, (max-width: 1024px) 100vw, 1024px\" \/><\/figure>\n<\/div>\n\n\n<div style=\"height:60px\" aria-hidden=\"true\" class=\"wp-block-spacer\"><\/div>\n<\/div><\/div>\n<\/div><\/div>\n\n\n\n<div class=\"wp-block-cover alignfull is-light\" style=\"min-height:600px;aspect-ratio:unset;\"><span aria-hidden=\"true\" class=\"wp-block-cover__background has-nv-site-bg-background-color has-background-dim-100 has-background-dim\"><\/span><div class=\"wp-block-cover__inner-container is-layout-flow wp-block-cover-is-layout-flow\">\n<div class=\"wp-block-group\"><div class=\"wp-block-group__inner-container is-layout-flow wp-block-group-is-layout-flow\">\n<h2 class=\"wp-block-heading has-neve-text-color-color has-text-color\">Producimos con Calidad<\/h2>\n\n\n\n<div style=\"height:20px\" aria-hidden=\"true\" class=\"wp-block-spacer\"><\/div>\n\n\n\n<div class=\"wp-block-columns are-vertically-aligned-center is-layout-flex wp-container-core-columns-is-layout-9d6595d7 wp-block-columns-is-layout-flex\">\n<div class=\"wp-block-column is-layout-flow wp-block-column-is-layout-flow\">\n<figure class=\"wp-block-video\"><video height=\"720\" style=\"aspect-ratio: 1280 \/ 720;\" width=\"1280\" autoplay controls preload=\"auto\" src=\"http:\/\/www.carbonesandinos.com\/wp-content\/uploads\/2025\/01\/VIdeo-Procesos-actualizado-agosto-2024-comprimido.mp4\" playsinline><\/video><\/figure>\n<\/div>\n<\/div>\n<\/div><\/div>\n<\/div><\/div>\n\n\n<div class=\"wp-block-image\">\n<figure class=\"aligncenter size-full\"><img loading=\"lazy\" decoding=\"async\" width=\"724\" height=\"777\" src=\"https:\/\/carbonesandinos.com\/wp\/wp-content\/uploads\/2025\/02\/POLITICA-DE-CALIDAD-11-1-724x1024-1.png\" alt=\"\" class=\"wp-image-452\" srcset=\"http:\/\/www.carbonesandinos.com\/wp-content\/uploads\/2025\/02\/POLITICA-DE-CALIDAD-11-1-724x1024-1.png 724w, http:\/\/www.carbonesandinos.com\/wp-content\/uploads\/2025\/02\/POLITICA-DE-CALIDAD-11-1-724x1024-1-280x300.png 280w\" sizes=\"auto, (max-width: 724px) 100vw, 724px\" \/><\/figure>\n<\/div>","protected":false},"excerpt":{"rendered":"","protected":false},"author":1,"featured_media":0,"parent":0,"menu_order":0,"comment_status":"closed","ping_status":"closed","template":"","meta":{"neve_meta_sidebar":"","neve_meta_container":"","neve_meta_enable_content_width":"on","neve_meta_content_width":100,"neve_meta_title_alignment":"","neve_meta_author_avatar":"","neve_post_elements_order":"","neve_meta_disable_header":"","neve_meta_disable_footer":"","neve_meta_disable_title":"on","footnotes":""},"class_list":["post-211","page","type-page","status-publish","hentry"],"_links":{"self":[{"href":"http:\/\/www.carbonesandinos.com\/index.php?rest_route=\/wp\/v2\/pages\/211","targetHints":{"allow":["GET"]}}],"collection":[{"href":"http:\/\/www.carbonesandinos.com\/index.php?rest_route=\/wp\/v2\/pages"}],"about":[{"href":"http:\/\/www.carbonesandinos.com\/index.php?rest_route=\/wp\/v2\/types\/page"}],"author":[{"embeddable":true,"href":"http:\/\/www.carbonesandinos.com\/index.php?rest_route=\/wp\/v2\/users\/1"}],"replies":[{"embeddable":true,"href":"http:\/\/www.carbonesandinos.com\/index.php?rest_route=%2Fwp%2Fv2%2Fcomments&post=211"}],"version-history":[{"count":10,"href":"http:\/\/www.carbonesandinos.com\/index.php?rest_route=\/wp\/v2\/pages\/211\/revisions"}],"predecessor-version":[{"id":511,"href":"http:\/\/www.carbonesandinos.com\/index.php?rest_route=\/wp\/v2\/pages\/211\/revisions\/511"}],"wp:attachment":[{"href":"http:\/\/www.carbonesandinos.com\/index.php?rest_route=%2Fwp%2Fv2%2Fmedia&parent=211"}],"curies":[{"name":"wp","href":"https:\/\/api.w.org\/{rel}","templated":true}]}}